{"id":112,"date":"2026-01-15T10:36:15","date_gmt":"2026-01-15T10:36:15","guid":{"rendered":"https:\/\/lesroussilles.com\/?page_id=112"},"modified":"2026-02-09T16:23:48","modified_gmt":"2026-02-09T16:23:48","slug":"mobil-home-4-personnes","status":"publish","type":"page","link":"https:\/\/lesroussilles.com\/fr\/camping\/hebergement\/mobil-home-4-personnes\/","title":{"rendered":"Mobilhome 4 personnes"},"content":{"rendered":"<figure class=\"wp-block-gallery has-nested-images columns-default is-cropped wp-block-gallery-1 is-layout-flex wp-block-gallery-is-layout-flex\">\n<figure class=\"wp-block-image size-large\"><img loading=\"lazy\" decoding=\"async\" width=\"1024\" height=\"683\" data-id=\"271\" src=\"https:\/\/lesroussilles.com\/wp-content\/uploads\/2026\/02\/caravan.jpg\" alt=\"Mobil-home pour 2 personnes au Camping Les Roussilles\" class=\"wp-image-271\" srcset=\"https:\/\/lesroussilles.com\/wp-content\/uploads\/2026\/02\/caravan.jpg 1024w, https:\/\/lesroussilles.com\/wp-content\/uploads\/2026\/02\/caravan-300x200.jpg 300w, https:\/\/lesroussilles.com\/wp-content\/uploads\/2026\/02\/caravan-768x512.jpg 768w, https:\/\/lesroussilles.com\/wp-content\/uploads\/2026\/02\/caravan-18x12.jpg 18w\" sizes=\"auto, (max-width: 1024px) 100vw, 1024px\" \/><\/figure>\n\n\n\n<figure class=\"wp-block-image size-large\"><img loading=\"lazy\" decoding=\"async\" width=\"1024\" height=\"768\" data-id=\"280\" src=\"https:\/\/lesroussilles.com\/wp-content\/uploads\/2026\/02\/terras.jpg\" alt=\"Terrasse du mobil-home pour 2 personnes \u00e0 la campagne\" class=\"wp-image-280\" srcset=\"https:\/\/lesroussilles.com\/wp-content\/uploads\/2026\/02\/terras.jpg 1024w, https:\/\/lesroussilles.com\/wp-content\/uploads\/2026\/02\/terras-300x225.jpg 300w, https:\/\/lesroussilles.com\/wp-content\/uploads\/2026\/02\/terras-768x576.jpg 768w, https:\/\/lesroussilles.com\/wp-content\/uploads\/2026\/02\/terras-16x12.jpg 16w\" sizes=\"auto, (max-width: 1024px) 100vw, 1024px\" \/><\/figure>\n\n\n\n<figure class=\"wp-block-image size-large\"><img loading=\"lazy\" decoding=\"async\" width=\"1024\" height=\"768\" data-id=\"274\" src=\"https:\/\/lesroussilles.com\/wp-content\/uploads\/2026\/02\/keuken-car-4p.jpg\" alt=\"Cuisine et salle \u00e0 manger dans le mobil-home pour 4 personnes\" class=\"wp-image-274\" srcset=\"https:\/\/lesroussilles.com\/wp-content\/uploads\/2026\/02\/keuken-car-4p.jpg 1024w, https:\/\/lesroussilles.com\/wp-content\/uploads\/2026\/02\/keuken-car-4p-300x225.jpg 300w, https:\/\/lesroussilles.com\/wp-content\/uploads\/2026\/02\/keuken-car-4p-768x576.jpg 768w, https:\/\/lesroussilles.com\/wp-content\/uploads\/2026\/02\/keuken-car-4p-16x12.jpg 16w\" sizes=\"auto, (max-width: 1024px) 100vw, 1024px\" \/><\/figure>\n<\/figure>\n\n\n\n<p class=\"has-text-align-center has-small-font-size\">Les photos donnent une impression r\u00e9aliste du logement. De nouvelles photos suivront apr\u00e8s le rafra\u00eechissement de printemps.<\/p>\n\n\n\n<p>Notre mobil-home pour 4 personnes est id\u00e9al pour les familles ou les amis qui veulent profiter du calme, de la nature et du confort dans le Limousin.<\/p>\n\n\n\n<h2 class=\"wp-block-heading\">Espace et confort pour toute la famille<\/h2>\n\n\n\n<p>Ce mobile home spacieux offre suffisamment d'espace pour quatre personnes et est \u00e9quip\u00e9 pour un s\u00e9jour relaxant au milieu de la verdure.<br>Parfait pour ceux qui veulent profiter de la simplicit\u00e9 et de la nature en m\u00eame temps.<\/p>\n\n\n\n<h2 class=\"wp-block-heading\">Installations<\/h2>\n\n\n\n<p>- Convient pour 4 personnes<br>- Deux chambres<br>- Cuisine avec \u00e9quipement de base<br>- Salle de bain avec douche et lavabo<br>- Toilettes s\u00e9par\u00e9es<br>- Terrasse avec si\u00e8ges<br>- Parking du mobil-home<\/p>\n\n\n\n<h2 class=\"wp-block-heading\">Infos pratiques<\/h2>\n\n\n\n<p>Nos mobil-homes sont disponibles tout au long de l'ann\u00e9e.<br>L'arriv\u00e9e et le d\u00e9part se font d'un commun accord.<br>Les animaux domestiques et les options suppl\u00e9mentaires sont n\u00e9gociables sur demande.<\/p>\n\n\n\n<div class=\"wp-block-buttons is-layout-flex wp-block-buttons-is-layout-flex\">\n<div class=\"wp-block-button\"><a class=\"wp-block-button__link wp-element-button\" href=\"https:\/\/lesroussilles.com\/fr\/contact\/\">Prendre contact<\/a><\/div>\n\n\n\n<div class=\"wp-block-button\"><a class=\"wp-block-button__link wp-element-button\" href=\"https:\/\/reservation.secureholiday.net\/fr\/18309\/search\/\" target=\"_blank\" rel=\"noreferrer noopener\">V\u00e9rifier les prix et la disponibilit\u00e9<\/a><\/div>\n<\/div>\n\n\n\n<p><\/p>","protected":false},"excerpt":{"rendered":"<p>Foto\u2019s geven een realistische indruk van de accommodatie. Nieuwe foto\u2019s volgen na de lente-opfrissing. Onze mobilhome voor 4 personen is ideaal voor gezinnen of vrienden die samen willen genieten van rust, natuur en comfort in de Limousin. Ruimte en comfort voor het hele gezelschap Deze ruime mobilhome biedt voldoende plaats voor vier personen en is&#8230;<\/p>","protected":false},"author":1,"featured_media":0,"parent":28,"menu_order":0,"comment_status":"closed","ping_status":"closed","template":"","meta":{"_kad_post_transparent":"","_kad_post_title":"","_kad_post_layout":"","_kad_post_sidebar_id":"","_kad_post_content_style":"","_kad_post_vertical_padding":"","_kad_post_feature":"","_kad_post_feature_position":"","_kad_post_header":false,"_kad_post_footer":false,"_kad_post_classname":"","footnotes":""},"class_list":["post-112","page","type-page","status-publish","hentry"],"_links":{"self":[{"href":"https:\/\/lesroussilles.com\/fr\/wp-json\/wp\/v2\/pages\/112","targetHints":{"allow":["GET"]}}],"collection":[{"href":"https:\/\/lesroussilles.com\/fr\/wp-json\/wp\/v2\/pages"}],"about":[{"href":"https:\/\/lesroussilles.com\/fr\/wp-json\/wp\/v2\/types\/page"}],"author":[{"embeddable":true,"href":"https:\/\/lesroussilles.com\/fr\/wp-json\/wp\/v2\/users\/1"}],"replies":[{"embeddable":true,"href":"https:\/\/lesroussilles.com\/fr\/wp-json\/wp\/v2\/comments?post=112"}],"version-history":[{"count":3,"href":"https:\/\/lesroussilles.com\/fr\/wp-json\/wp\/v2\/pages\/112\/revisions"}],"predecessor-version":[{"id":310,"href":"https:\/\/lesroussilles.com\/fr\/wp-json\/wp\/v2\/pages\/112\/revisions\/310"}],"up":[{"embeddable":true,"href":"https:\/\/lesroussilles.com\/fr\/wp-json\/wp\/v2\/pages\/28"}],"wp:attachment":[{"href":"https:\/\/lesroussilles.com\/fr\/wp-json\/wp\/v2\/media?parent=112"}],"curies":[{"name":"wp","href":"https:\/\/api.w.org\/{rel}","templated":true}]}}