{"id":12,"date":"2026-01-14T19:12:14","date_gmt":"2026-01-14T19:12:14","guid":{"rendered":"https:\/\/lesroussilles.com\/?page_id=12"},"modified":"2026-04-01T17:39:03","modified_gmt":"2026-04-01T17:39:03","slug":"restaurant","status":"publish","type":"page","link":"https:\/\/lesroussilles.com\/fr\/restaurant\/","title":{"rendered":"Restaurant"},"content":{"rendered":"<div class=\"wp-block-group\"><div class=\"wp-block-group__inner-container is-layout-constrained wp-block-group-is-layout-constrained\">\n<!-- If you would like to customize the button, remove or change the \"class\" attribute inside the <span> tag -->\n<span class=\"glf-button\" data-glf-cuid=\"4e8ef074-2f20-4d76-aa71-103e305f74f2\" data-glf-ruid=\"f0861d25-744c-4226-9d44-3fbc5da2085a\" >Voir le menu et commander<\/span>\n<span class=\"glf-button reservation\" data-glf-cuid=\"4e8ef074-2f20-4d76-aa71-103e305f74f2\" data-glf-ruid=\"f0861d25-744c-4226-9d44-3fbc5da2085a\" data-glf-reservation=\"true\" >R\u00e9servation de table<\/span>\n<script src=\"https:\/\/www.fbgcdn.com\/embedder\/js\/ewm2.js\" defer async ><\/script>\n<\/div><\/div>\n\n\n\n<figure class=\"wp-block-image size-large is-resized\"><img loading=\"lazy\" decoding=\"async\" width=\"1024\" height=\"768\" src=\"https:\/\/lesroussilles.com\/wp-content\/uploads\/2026\/03\/restaurant-camping-les-roussilles-table-hote-1024x768.jpg\" alt=\"Restaurant du Camping Les Roussilles \u00e0 Saint-Sylvestre pr\u00e8s de Limoges\" class=\"wp-image-345\" style=\"width:1178px;height:auto\" srcset=\"https:\/\/lesroussilles.com\/wp-content\/uploads\/2026\/03\/restaurant-camping-les-roussilles-table-hote-1024x768.jpg 1024w, https:\/\/lesroussilles.com\/wp-content\/uploads\/2026\/03\/restaurant-camping-les-roussilles-table-hote-300x225.jpg 300w, https:\/\/lesroussilles.com\/wp-content\/uploads\/2026\/03\/restaurant-camping-les-roussilles-table-hote-768x576.jpg 768w, https:\/\/lesroussilles.com\/wp-content\/uploads\/2026\/03\/restaurant-camping-les-roussilles-table-hote-1536x1152.jpg 1536w, https:\/\/lesroussilles.com\/wp-content\/uploads\/2026\/03\/restaurant-camping-les-roussilles-table-hote-2048x1536.jpg 2048w, https:\/\/lesroussilles.com\/wp-content\/uploads\/2026\/03\/restaurant-camping-les-roussilles-table-hote-16x12.jpg 16w\" sizes=\"auto, (max-width: 1024px) 100vw, 1024px\" \/><\/figure>\n\n\n\n<figure class=\"wp-block-gallery has-nested-images columns-default is-cropped wp-block-gallery-1 is-layout-flex wp-block-gallery-is-layout-flex\">\n<figure class=\"wp-block-image size-large\"><img loading=\"lazy\" decoding=\"async\" width=\"768\" height=\"1024\" data-id=\"343\" src=\"https:\/\/lesroussilles.com\/wp-content\/uploads\/2026\/03\/restaurant-camping-les-roussilles-saint-sylvestre-768x1024.jpg\" alt=\"Restaurant chaleureux du camping pr\u00e8s de Limoges\" class=\"wp-image-343\" srcset=\"https:\/\/lesroussilles.com\/wp-content\/uploads\/2026\/03\/restaurant-camping-les-roussilles-saint-sylvestre-768x1024.jpg 768w, https:\/\/lesroussilles.com\/wp-content\/uploads\/2026\/03\/restaurant-camping-les-roussilles-saint-sylvestre-225x300.jpg 225w, https:\/\/lesroussilles.com\/wp-content\/uploads\/2026\/03\/restaurant-camping-les-roussilles-saint-sylvestre-1152x1536.jpg 1152w, https:\/\/lesroussilles.com\/wp-content\/uploads\/2026\/03\/restaurant-camping-les-roussilles-saint-sylvestre-1536x2048.jpg 1536w, https:\/\/lesroussilles.com\/wp-content\/uploads\/2026\/03\/restaurant-camping-les-roussilles-saint-sylvestre-9x12.jpg 9w, https:\/\/lesroussilles.com\/wp-content\/uploads\/2026\/03\/restaurant-camping-les-roussilles-saint-sylvestre-scaled.jpg 1920w\" sizes=\"auto, (max-width: 768px) 100vw, 768px\" \/><\/figure>\n\n\n\n<figure class=\"wp-block-image size-large\"><img loading=\"lazy\" decoding=\"async\" width=\"1024\" height=\"768\" data-id=\"342\" src=\"https:\/\/lesroussilles.com\/wp-content\/uploads\/2026\/03\/restaurant-camping-les-roussilles-limousin-1024x768.jpg\" alt=\"Salle du restaurant Camping Les Roussilles Limousin\" class=\"wp-image-342\" srcset=\"https:\/\/lesroussilles.com\/wp-content\/uploads\/2026\/03\/restaurant-camping-les-roussilles-limousin-1024x768.jpg 1024w, https:\/\/lesroussilles.com\/wp-content\/uploads\/2026\/03\/restaurant-camping-les-roussilles-limousin-300x225.jpg 300w, https:\/\/lesroussilles.com\/wp-content\/uploads\/2026\/03\/restaurant-camping-les-roussilles-limousin-768x576.jpg 768w, https:\/\/lesroussilles.com\/wp-content\/uploads\/2026\/03\/restaurant-camping-les-roussilles-limousin-1536x1152.jpg 1536w, https:\/\/lesroussilles.com\/wp-content\/uploads\/2026\/03\/restaurant-camping-les-roussilles-limousin-2048x1536.jpg 2048w, https:\/\/lesroussilles.com\/wp-content\/uploads\/2026\/03\/restaurant-camping-les-roussilles-limousin-16x12.jpg 16w\" sizes=\"auto, (max-width: 1024px) 100vw, 1024px\" \/><\/figure>\n<\/figure>\n\n\n\n<p class=\"has-text-align-center\">R\u00e9server une table \u00e0 La Table des Roussilles<br>\ud83d\udcde 07 46 47 55 49<br>Restaurant \u00e0 Saint-Sylvestre - \u00e9galement ouvert aux visiteurs ext\u00e9rieurs au camping.<br>R\u00e9servations recommand\u00e9es.<\/p>\n\n\n\n<p><strong>La Table des Roussilles<\/strong> est le restaurant du Camping Les Roussilles \u00e0 Saint-Sylvestre, au c\u0153ur du Limousin et \u00e0 proximit\u00e9 de Limoges. Les clients du camping et les visiteurs ext\u00e9rieurs sont les bienvenus pour un d\u00e9jeuner ou un d\u00eener tranquille.<\/p>\n\n\n\n<p>Notre restaurant est plac\u00e9 sous le signe de la simplicit\u00e9, du go\u00fbt et de la convivialit\u00e9. Un endroit o\u00f9 l'on peut ralentir, d\u00eener ensemble et profiter d'une atmosph\u00e8re chaleureuse et d\u00e9tendue en pleine nature.<\/p>\n\n\n\n<p>En \u00e9t\u00e9, vous pouvez \u00e9galement profiter de notre terrasse avec vue sur la nature.<\/p>\n\n\n\n<p>La Table des Roussilles est \u00e9galement ouverte aux visiteurs ne s\u00e9journant pas au camping. Il est recommand\u00e9 de r\u00e9server.<\/p>\n\n\n\n<h2 class=\"wp-block-heading\">Des repas d\u00e9licieux et d\u00e9contract\u00e9s<\/h2>\n\n\n\n<p>Dans notre restaurant, la cuisine est faite avec savoir-faire et passion.<br>Notre chef propose des plats honn\u00eates en accordant une attention particuli\u00e8re au go\u00fbt, \u00e0 la qualit\u00e9 et aux produits de saison.<br>Pas d'exc\u00e8s, mais une nourriture pure et soign\u00e9e dans une atmosph\u00e8re d\u00e9contract\u00e9e et chaleureuse.<\/p>\n\n\n\n<div class=\"wp-block-buttons is-layout-flex wp-block-buttons-is-layout-flex\">\n<div class=\"wp-block-button\"><a class=\"wp-block-button__link wp-element-button\" href=\"https:\/\/lesroussilles.com\/wp-content\/uploads\/2026\/02\/La-Table-des-Roussilles-goeie-afdruk.pdf\">Voir notre menu<\/a><\/div>\n<\/div>\n\n\n\n<h2 class=\"wp-block-heading\">Pour les campeurs et les visiteurs<\/h2>\n\n\n\n<p>Le restaurant est ouvert aux clients du camping et aux visiteurs.<br>Les heures d'ouverture et l'offre peuvent varier selon la saison.<br>Nous vous conseillons de prendre contact au pr\u00e9alable.<\/p>\n\n\n\n<h2 class=\"wp-block-heading\">Profiter d'un cadre paisible<\/h2>\n\n\n\n<p>\u00c0 l'int\u00e9rieur ou sur la terrasse, vous profiterez d'une atmosph\u00e8re d\u00e9tendue, entour\u00e9e de nature et de silence.<br>Un endroit id\u00e9al pour terminer la journ\u00e9e apr\u00e8s une promenade, un moment de bien-\u00eatre ou une journ\u00e9e au camping.<\/p>\n\n\n\n<div class=\"wp-block-buttons is-layout-flex wp-block-buttons-is-layout-flex\">\n<div class=\"wp-block-button\"><a class=\"wp-block-button__link wp-element-button\" href=\"https:\/\/www.foodbooking.com\/api\/res\/a_j_zr4\" target=\"_blank\" rel=\"noopener\">R\u00e9servez votre table<\/a><\/div>\n<\/div>","protected":false},"excerpt":{"rendered":"<p>Bekijk het Menu &#038; Bestel Tafelreservatie Reserveer een tafel bij La Table des Roussilles\ud83d\udcde 07 46 47 55 49Restaurant in Saint-Sylvestre \u2013 ook open voor bezoekers van buiten de camping.Reserveren aanbevolen. La Table des Roussilles is het restaurant van Camping Les Roussilles in Saint-Sylvestre, in het hart van de Limousin en vlak bij Limoges. Zowel&#8230;<\/p>","protected":false},"author":1,"featured_media":0,"parent":0,"menu_order":0,"comment_status":"closed","ping_status":"closed","template":"","meta":{"_kad_post_transparent":"","_kad_post_title":"","_kad_post_layout":"","_kad_post_sidebar_id":"","_kad_post_content_style":"","_kad_post_vertical_padding":"","_kad_post_feature":"","_kad_post_feature_position":"","_kad_post_header":false,"_kad_post_footer":false,"_kad_post_classname":"","footnotes":""},"class_list":["post-12","page","type-page","status-publish","hentry"],"_links":{"self":[{"href":"https:\/\/lesroussilles.com\/fr\/wp-json\/wp\/v2\/pages\/12","targetHints":{"allow":["GET"]}}],"collection":[{"href":"https:\/\/lesroussilles.com\/fr\/wp-json\/wp\/v2\/pages"}],"about":[{"href":"https:\/\/lesroussilles.com\/fr\/wp-json\/wp\/v2\/types\/page"}],"author":[{"embeddable":true,"href":"https:\/\/lesroussilles.com\/fr\/wp-json\/wp\/v2\/users\/1"}],"replies":[{"embeddable":true,"href":"https:\/\/lesroussilles.com\/fr\/wp-json\/wp\/v2\/comments?post=12"}],"version-history":[{"count":12,"href":"https:\/\/lesroussilles.com\/fr\/wp-json\/wp\/v2\/pages\/12\/revisions"}],"predecessor-version":[{"id":354,"href":"https:\/\/lesroussilles.com\/fr\/wp-json\/wp\/v2\/pages\/12\/revisions\/354"}],"wp:attachment":[{"href":"https:\/\/lesroussilles.com\/fr\/wp-json\/wp\/v2\/media?parent=12"}],"curies":[{"name":"wp","href":"https:\/\/api.w.org\/{rel}","templated":true}]}}