{"id":14,"date":"2026-01-14T19:12:25","date_gmt":"2026-01-14T19:12:25","guid":{"rendered":"https:\/\/lesroussilles.com\/?page_id=14"},"modified":"2026-02-06T08:38:57","modified_gmt":"2026-02-06T08:38:57","slug":"bien-etre","status":"publish","type":"page","link":"https:\/\/lesroussilles.com\/fr\/bien-etre\/","title":{"rendered":"Bien-\u00eatre"},"content":{"rendered":"<p>Notre bien-\u00eatre est ax\u00e9 sur la relaxation et la revitalisation.<br>Un endroit pour se d\u00e9tendre, profiter de la chaleur, du silence et du temps pour soi.<\/p>\n\n\n\n<h2 class=\"wp-block-heading\">Relaxation du corps et de l'esprit<\/h2>\n\n\n\n<p>Le bien-\u00eatre chez Les Roussilles se veut un moment de pure d\u00e9tente.<br>Pas de programme charg\u00e9, mais de l'espace pour ralentir et s'amuser dans un cadre naturel et paisible.<\/p>\n\n\n\n<h2 class=\"wp-block-heading\">Notre offre de bien-\u00eatre<\/h2>\n\n\n\n<p>- Sauna<br>- Bain \u00e0 remous<br>- Soins relaxants<\/p>\n\n\n\n<h2 class=\"wp-block-heading\">Infos pratiques<\/h2>\n\n\n\n<p>Le wellness est ouvert aux campeurs et aux visiteurs. <br>La r\u00e9servation est obligatoire et peut \u00eatre faite \u00e0 la r\u00e9ception.<br>La disponibilit\u00e9 et l'approvisionnement peuvent varier.<br>N'h\u00e9sitez pas \u00e0 nous contacter pour plus d'informations.<\/p>\n\n\n\n<div class=\"wp-block-buttons is-layout-flex wp-block-buttons-is-layout-flex\">\n<div class=\"wp-block-button\"><a class=\"wp-block-button__link wp-element-button\" href=\"https:\/\/lesroussilles.com\/fr\/contact\/\">Prendre contact<\/a><\/div>\n\n\n\n<div class=\"wp-block-button\"><a class=\"wp-block-button__link wp-element-button\" href=\"https:\/\/lesroussilles.com\/fr\/contact\/\">Demande de renseignements sur le bien-\u00eatre<\/a><\/div>\n<\/div>\n\n\n\n<p><\/p>","protected":false},"excerpt":{"rendered":"<p>In onze wellness draait alles om ontspanning en herbronning.Een plek om tot rust te komen, te genieten van warmte, stilte en tijd voor jezelf. Ontspanning voor lichaam en geest De wellness bij Les Roussilles is bedoeld als een moment van pure ontspanning.Geen druk programma, maar ruimte om te vertragen en te genieten in een rustige,&#8230;<\/p>","protected":false},"author":1,"featured_media":0,"parent":0,"menu_order":0,"comment_status":"closed","ping_status":"closed","template":"","meta":{"_kad_post_transparent":"","_kad_post_title":"","_kad_post_layout":"","_kad_post_sidebar_id":"","_kad_post_content_style":"","_kad_post_vertical_padding":"","_kad_post_feature":"","_kad_post_feature_position":"","_kad_post_header":false,"_kad_post_footer":false,"_kad_post_classname":"","footnotes":""},"class_list":["post-14","page","type-page","status-publish","hentry"],"_links":{"self":[{"href":"https:\/\/lesroussilles.com\/fr\/wp-json\/wp\/v2\/pages\/14","targetHints":{"allow":["GET"]}}],"collection":[{"href":"https:\/\/lesroussilles.com\/fr\/wp-json\/wp\/v2\/pages"}],"about":[{"href":"https:\/\/lesroussilles.com\/fr\/wp-json\/wp\/v2\/types\/page"}],"author":[{"embeddable":true,"href":"https:\/\/lesroussilles.com\/fr\/wp-json\/wp\/v2\/users\/1"}],"replies":[{"embeddable":true,"href":"https:\/\/lesroussilles.com\/fr\/wp-json\/wp\/v2\/comments?post=14"}],"version-history":[{"count":2,"href":"https:\/\/lesroussilles.com\/fr\/wp-json\/wp\/v2\/pages\/14\/revisions"}],"predecessor-version":[{"id":129,"href":"https:\/\/lesroussilles.com\/fr\/wp-json\/wp\/v2\/pages\/14\/revisions\/129"}],"wp:attachment":[{"href":"https:\/\/lesroussilles.com\/fr\/wp-json\/wp\/v2\/media?parent=14"}],"curies":[{"name":"wp","href":"https:\/\/api.w.org\/{rel}","templated":true}]}}