{"id":17,"date":"2026-01-14T19:13:53","date_gmt":"2026-01-14T19:13:53","guid":{"rendered":"https:\/\/lesroussilles.com\/?page_id=17"},"modified":"2026-01-15T12:41:55","modified_gmt":"2026-01-15T12:41:55","slug":"activites-liees-a-lenvironnement","status":"publish","type":"page","link":"https:\/\/lesroussilles.com\/fr\/activites-liees-a-lenvironnement\/","title":{"rendered":"Environnements et activit\u00e9s"},"content":{"rendered":"<p>Les Roussilles est situ\u00e9 dans un environnement calme et verdoyant au c\u0153ur du Limousin.<br>Une base id\u00e9ale pour les amoureux de la nature, de l'espace et de la d\u00e9tente, avec de nombreuses options dans la r\u00e9gion.<\/p>\n\n\n\n<h2 class=\"wp-block-heading\">Nature et randonn\u00e9e<\/h2>\n\n\n\n<p>La r\u00e9gion invite \u00e0 la randonn\u00e9e, au cyclisme et \u00e0 la d\u00e9couverte de la nature.<br>Les for\u00eats, les collines et les routes tranquilles offrent d'innombrables possibilit\u00e9s depuis le camping.<\/p>\n\n\n\n<h2 class=\"wp-block-heading\">D\u00e9tente et sorties<\/h2>\n\n\n\n<p>Dans les environs, vous trouverez de charmants villages, des march\u00e9s locaux et des attractions culturelles.<br>Parfait pour une escapade tranquille ou un apr\u00e8s-midi d'exploration.<\/p>\n\n\n\n<h2 class=\"wp-block-heading\">Pour les familles<\/h2>\n\n\n\n<p>La r\u00e9gion convient \u00e9galement aux familles.<br>Les enfants peuvent jouer en toute s\u00e9curit\u00e9 \u00e0 l'ext\u00e9rieur, tandis que les parents profitent du calme et de la nature.<br>Il y a aussi le p\u00e2turage, l'aire de jeux et la piscine !<\/p>\n\n\n\n<h2 class=\"wp-block-heading\">Sur et autour du camping<\/h2>\n\n\n\n<p>Outre les excursions dans la r\u00e9gion, vous pouvez \u00e9galement vous d\u00e9tendre sur le camping lui-m\u00eame.<br>Profitez du restaurant, du centre de bien-\u00eatre ou simplement du silence et de l'espace.<\/p>\n\n\n\n<p>Nous nous ferons un plaisir de vous donner des conseils sur mesure pendant votre s\u00e9jour.<\/p>\n\n\n\n<div class=\"wp-block-buttons is-layout-flex wp-block-buttons-is-layout-flex\">\n<div class=\"wp-block-button\"><a class=\"wp-block-button__link wp-element-button\" href=\"https:\/\/lesroussilles.com\/fr\/contact\/\">Prendre contact<\/a><\/div>\n<\/div>","protected":false},"excerpt":{"rendered":"<p>Les Roussilles ligt in een rustige, groene omgeving in het hart van de Limousin.Een ideale uitvalsbasis voor wie houdt van natuur, ruimte en ontspanning, met tal van mogelijkheden in de omgeving. Natuur &amp; wandelen De regio nodigt uit tot wandelen, fietsen en genieten van de natuur.Bossen, heuvels en rustige wegen zorgen voor eindeloze mogelijkheden, rechtstreeks&#8230;<\/p>","protected":false},"author":1,"featured_media":0,"parent":0,"menu_order":0,"comment_status":"closed","ping_status":"closed","template":"","meta":{"_kad_post_transparent":"","_kad_post_title":"","_kad_post_layout":"","_kad_post_sidebar_id":"","_kad_post_content_style":"","_kad_post_vertical_padding":"","_kad_post_feature":"","_kad_post_feature_position":"","_kad_post_header":false,"_kad_post_footer":false,"_kad_post_classname":"","footnotes":""},"class_list":["post-17","page","type-page","status-publish","hentry"],"_links":{"self":[{"href":"https:\/\/lesroussilles.com\/fr\/wp-json\/wp\/v2\/pages\/17","targetHints":{"allow":["GET"]}}],"collection":[{"href":"https:\/\/lesroussilles.com\/fr\/wp-json\/wp\/v2\/pages"}],"about":[{"href":"https:\/\/lesroussilles.com\/fr\/wp-json\/wp\/v2\/types\/page"}],"author":[{"embeddable":true,"href":"https:\/\/lesroussilles.com\/fr\/wp-json\/wp\/v2\/users\/1"}],"replies":[{"embeddable":true,"href":"https:\/\/lesroussilles.com\/fr\/wp-json\/wp\/v2\/comments?post=17"}],"version-history":[{"count":3,"href":"https:\/\/lesroussilles.com\/fr\/wp-json\/wp\/v2\/pages\/17\/revisions"}],"predecessor-version":[{"id":144,"href":"https:\/\/lesroussilles.com\/fr\/wp-json\/wp\/v2\/pages\/17\/revisions\/144"}],"wp:attachment":[{"href":"https:\/\/lesroussilles.com\/fr\/wp-json\/wp\/v2\/media?parent=17"}],"curies":[{"name":"wp","href":"https:\/\/api.w.org\/{rel}","templated":true}]}}