{"id":20,"date":"2026-01-14T19:14:32","date_gmt":"2026-01-14T19:14:32","guid":{"rendered":"https:\/\/lesroussilles.com\/?page_id=20"},"modified":"2026-02-13T19:54:28","modified_gmt":"2026-02-13T19:54:28","slug":"dispositions","status":"publish","type":"page","link":"https:\/\/lesroussilles.com\/fr\/dispositions\/","title":{"rendered":"Arrangements"},"content":{"rendered":"<p>Rendez votre s\u00e9jour encore plus agr\u00e9able gr\u00e2ce \u00e0 nos forfaits bien-\u00eatre. Combinez le bien-\u00eatre priv\u00e9 avec un confort suppl\u00e9mentaire ou un traitement et profitez d'un moment de paix et de d\u00e9tente en pleine nature.<\/p>\n\n\n\n<p>Parfait pour un moment romantique, une soir\u00e9e relaxante ou un moment de d\u00e9tente suppl\u00e9mentaire pendant vos vacances.<\/p>\n\n\n\n<h2 class=\"wp-block-heading\">PACKAGES SPA<\/h2>\n\n\n\n<h3 class=\"wp-block-heading\">Escapade romantique - 65<\/h3>\n\n\n\n<p>2 heures de bien-\u00eatre priv\u00e9 avec \u00e9clairage d'ambiance.<\/p>\n\n\n\n<p>Id\u00e9al pour les couples qui souhaitent se d\u00e9tendre ensemble en toute tranquillit\u00e9.<\/p>\n\n\n\n<h3 class=\"wp-block-heading\">Relax Nature - 69\u20ac<\/h3>\n\n\n\n<p>2 heures de wellness priv\u00e9 + planche mix (2 personnes).<\/p>\n\n\n\n<p>Profitez d'une exp\u00e9rience thermale chaleureuse et d'un bar \u00e0 ap\u00e9ritif accueillant.<\/p>\n\n\n\n<h3 class=\"wp-block-heading\">Bulles romantiques - 79\u20ac<\/h3>\n\n\n\n<p>2 heures de bien-\u00eatre priv\u00e9 + bouteille de cava.<\/p>\n\n\n\n<p>Parfait pour un moment romantique ou une occasion sp\u00e9ciale.<\/p>\n\n\n\n<h3 class=\"wp-block-heading\">Soir\u00e9e bien-\u00eatre - 95\u20ac<\/h3>\n\n\n\n<p>2 heures de wellness priv\u00e9 + cava et planche pour 2 personnes.<\/p>\n\n\n\n<p>Une exp\u00e9rience compl\u00e8te de bien-\u00eatre pour une soir\u00e9e de d\u00e9tente.<\/p>\n\n\n\n<h2 class=\"wp-block-heading\">COMBINAISONS DE BIEN-\u00caTRE ET DE MASSAGE<\/h2>\n\n\n\n<h3 class=\"wp-block-heading\">Relax &amp; Glow - 99\u20ac<\/h3>\n\n\n\n<p>Bien-\u00eatre priv\u00e9 + soin du visage express pour 1 personne.<\/p>\n\n\n\n<p>Id\u00e9al pour ceux qui souhaitent allier d\u00e9tente et fra\u00eecheur.<\/p>\n\n\n\n<h3 class=\"wp-block-heading\">Relaxation profonde - \u20ac109<\/h3>\n\n\n\n<p>Massage priv\u00e9 bien-\u00eatre + dos-cou-\u00e9paule pour 1 personne.<\/p>\n\n\n\n<p>Parfait apr\u00e8s un long voyage ou une journ\u00e9e active.<\/p>\n\n\n\n<h3 class=\"wp-block-heading\">Luxe Nature Bien-\u00eatre - 129\u20ac<\/h3>\n\n\n\n<p>Massage priv\u00e9 bien-\u00eatre + relaxation pour 1 personne (60 min).<\/p>\n\n\n\n<p>La relaxation ultime pour le corps et l'esprit.<\/p>\n\n\n\n<h2 class=\"wp-block-heading\">POURQUOI CHOISIR UN PAQUET ?<\/h2>\n\n\n\n<p>- plus de d\u00e9tente en un seul instant<br>- id\u00e9al en cas de pluie ou de mi-saison<br>- id\u00e9al pour les couples et les personnes en qu\u00eate de paix<br>- une exp\u00e9rience sp\u00e9ciale pendant votre s\u00e9jour<\/p>\n\n\n\n<h2 class=\"wp-block-heading\">INFORMATIONS PRATIQUES<\/h2>\n\n\n\n<p>Les forfaits sont disponibles sur r\u00e9servation et sous r\u00e9serve de disponibilit\u00e9.<br>Des boissons ou des collations suppl\u00e9mentaires peuvent \u00eatre r\u00e9serv\u00e9es \u00e0 tout moment.<\/p>\n\n\n\n<p>R\u00e9servez votre forfait \u00e0 la r\u00e9ception ou pendant votre s\u00e9jour.<br>Ouvert \u00e9galement aux visiteurs de la r\u00e9gion sur rendez-vous.<\/p>\n\n\n\n<div class=\"wp-block-buttons is-layout-flex wp-block-buttons-is-layout-flex\">\n<div class=\"wp-block-button\"><a class=\"wp-block-button__link wp-element-button\" href=\"https:\/\/lesroussilles.com\/fr\/contact\/\">Prendre contact<\/a><\/div>\n<\/div>","protected":false},"excerpt":{"rendered":"<p>Maak je verblijf nog aangenamer met onze wellnessarrangementen. Combineer priv\u00e9 wellness met extra comfort of een behandeling en geniet van een moment van rust en ontspanning midden in de natuur. Perfect voor een romantisch moment, een ontspannen avond of een extra verwenmoment tijdens je vakantie. SPA ARRANGEMENTEN Romantic Escape \u2014 65\u20ac 2 uur priv\u00e9 wellness&#8230;<\/p>","protected":false},"author":1,"featured_media":0,"parent":0,"menu_order":0,"comment_status":"closed","ping_status":"closed","template":"","meta":{"_kad_post_transparent":"","_kad_post_title":"","_kad_post_layout":"","_kad_post_sidebar_id":"","_kad_post_content_style":"","_kad_post_vertical_padding":"","_kad_post_feature":"","_kad_post_feature_position":"","_kad_post_header":false,"_kad_post_footer":false,"_kad_post_classname":"","footnotes":""},"class_list":["post-20","page","type-page","status-publish","hentry"],"_links":{"self":[{"href":"https:\/\/lesroussilles.com\/fr\/wp-json\/wp\/v2\/pages\/20","targetHints":{"allow":["GET"]}}],"collection":[{"href":"https:\/\/lesroussilles.com\/fr\/wp-json\/wp\/v2\/pages"}],"about":[{"href":"https:\/\/lesroussilles.com\/fr\/wp-json\/wp\/v2\/types\/page"}],"author":[{"embeddable":true,"href":"https:\/\/lesroussilles.com\/fr\/wp-json\/wp\/v2\/users\/1"}],"replies":[{"embeddable":true,"href":"https:\/\/lesroussilles.com\/fr\/wp-json\/wp\/v2\/comments?post=20"}],"version-history":[{"count":7,"href":"https:\/\/lesroussilles.com\/fr\/wp-json\/wp\/v2\/pages\/20\/revisions"}],"predecessor-version":[{"id":340,"href":"https:\/\/lesroussilles.com\/fr\/wp-json\/wp\/v2\/pages\/20\/revisions\/340"}],"wp:attachment":[{"href":"https:\/\/lesroussilles.com\/fr\/wp-json\/wp\/v2\/media?parent=20"}],"curies":[{"name":"wp","href":"https:\/\/api.w.org\/{rel}","templated":true}]}}