{"id":22,"date":"2026-01-14T19:14:52","date_gmt":"2026-01-14T19:14:52","guid":{"rendered":"https:\/\/lesroussilles.com\/?page_id=22"},"modified":"2026-01-15T11:35:29","modified_gmt":"2026-01-15T11:35:29","slug":"pratique","status":"publish","type":"page","link":"https:\/\/lesroussilles.com\/fr\/pratique\/","title":{"rendered":"Pratique"},"content":{"rendered":"<p>Sur cette page, vous trouverez des informations pratiques pour un bon s\u00e9jour chez Les Roussilles.<br>Cliquez sur les pages ci-dessous pour obtenir des informations d\u00e9taill\u00e9es.<\/p>\n\n\n\n<h2 class=\"wp-block-heading\">Informations pratiques<\/h2>\n\n\n\n<h3 class=\"wp-block-heading\">Tarifs et disponibilit\u00e9<\/h3>\n\n\n\n<p>Consultez nos prix et nos options d'h\u00e9bergement<\/p>\n\n\n\n<div class=\"wp-block-buttons is-layout-flex wp-block-buttons-is-layout-flex\">\n<div class=\"wp-block-button\"><a class=\"wp-block-button__link wp-element-button\" href=\"https:\/\/lesroussilles.com\/fr\/pratique\/taux\/\">Tarifs<\/a><\/div>\n<\/div>\n\n\n\n<h3 class=\"wp-block-heading\">Arriv\u00e9e et r\u00e8glement int\u00e9rieur<\/h3>\n\n\n\n<p>Tout sur les arriv\u00e9es, les d\u00e9parts et l'ambiance sur place<\/p>\n\n\n\n<div class=\"wp-block-buttons is-layout-flex wp-block-buttons-is-layout-flex\">\n<div class=\"wp-block-button\"><a class=\"wp-block-button__link wp-element-button\" href=\"https:\/\/lesroussilles.com\/fr\/pratique\/reglement-interieur-de-larrivee\/\">Arriv\u00e9e et r\u00e8glement int\u00e9rieur<\/a><\/div>\n<\/div>\n\n\n\n<h3 class=\"wp-block-heading\">Questions fr\u00e9quemment pos\u00e9es<\/h3>\n\n\n\n<p>R\u00e9ponses aux questions pratiques<\/p>\n\n\n\n<div class=\"wp-block-buttons is-layout-flex wp-block-buttons-is-layout-flex\">\n<div class=\"wp-block-button\"><a class=\"wp-block-button__link wp-element-button\" href=\"https:\/\/lesroussilles.com\/fr\/pratique\/questions-frequemment-posees\/\">Questions fr\u00e9quemment pos\u00e9es<\/a><\/div>\n<\/div>\n\n\n\n<h2 class=\"wp-block-heading\">Des questions ?<\/h2>\n\n\n\n<p>Vous ne trouvez pas tout de suite ce que vous cherchez ?<br>N'h\u00e9sitez pas \u00e0 nous contacter, nous serons heureux de vous aider.<\/p>\n\n\n\n<div class=\"wp-block-buttons is-layout-flex wp-block-buttons-is-layout-flex\">\n<div class=\"wp-block-button\"><a class=\"wp-block-button__link wp-element-button\" href=\"https:\/\/lesroussilles.com\/fr\/contact\/\">Prendre contact<\/a><\/div>\n<\/div>\n\n\n\n<p><\/p>","protected":false},"excerpt":{"rendered":"<p>Op deze pagina vind je praktische informatie voor een vlot verblijf bij Les Roussilles.Klik door naar de onderstaande pagina\u2019s voor gedetailleerde informatie. Praktische informatie Tarieven &amp; beschikbaarheid Bekijk onze prijzen en verblijfsopties Aankomst &amp; huisregels Alles over aankomst, vertrek en de sfeer op het terrein Veelgestelde vragen Antwoorden op praktische vragen Nog vragen? Vind je&#8230;<\/p>","protected":false},"author":1,"featured_media":0,"parent":0,"menu_order":0,"comment_status":"closed","ping_status":"closed","template":"","meta":{"_kad_post_transparent":"","_kad_post_title":"","_kad_post_layout":"","_kad_post_sidebar_id":"","_kad_post_content_style":"","_kad_post_vertical_padding":"","_kad_post_feature":"","_kad_post_feature_position":"","_kad_post_header":false,"_kad_post_footer":false,"_kad_post_classname":"","footnotes":""},"class_list":["post-22","page","type-page","status-publish","hentry"],"_links":{"self":[{"href":"https:\/\/lesroussilles.com\/fr\/wp-json\/wp\/v2\/pages\/22","targetHints":{"allow":["GET"]}}],"collection":[{"href":"https:\/\/lesroussilles.com\/fr\/wp-json\/wp\/v2\/pages"}],"about":[{"href":"https:\/\/lesroussilles.com\/fr\/wp-json\/wp\/v2\/types\/page"}],"author":[{"embeddable":true,"href":"https:\/\/lesroussilles.com\/fr\/wp-json\/wp\/v2\/users\/1"}],"replies":[{"embeddable":true,"href":"https:\/\/lesroussilles.com\/fr\/wp-json\/wp\/v2\/comments?post=22"}],"version-history":[{"count":4,"href":"https:\/\/lesroussilles.com\/fr\/wp-json\/wp\/v2\/pages\/22\/revisions"}],"predecessor-version":[{"id":133,"href":"https:\/\/lesroussilles.com\/fr\/wp-json\/wp\/v2\/pages\/22\/revisions\/133"}],"wp:attachment":[{"href":"https:\/\/lesroussilles.com\/fr\/wp-json\/wp\/v2\/media?parent=22"}],"curies":[{"name":"wp","href":"https:\/\/api.w.org\/{rel}","templated":true}]}}