{"id":222,"date":"2026-01-15T21:30:00","date_gmt":"2026-01-15T21:30:00","guid":{"rendered":"https:\/\/lesroussilles.com\/?page_id=222"},"modified":"2026-02-09T17:18:27","modified_gmt":"2026-02-09T17:18:27","slug":"installations","status":"publish","type":"page","link":"https:\/\/lesroussilles.com\/fr\/installations\/","title":{"rendered":"Installations"},"content":{"rendered":"<h3 class=\"wp-block-heading\"><strong>Equipements du camping Les Roussilles<\/strong><\/h3>\n\n\n\n<p>Vous y trouverez tous les \u00e9quipements pratiques et confortables pour votre s\u00e9jour \u00e0 Les Roussilles.<\/p>\n\n\n\n<p>Au Camping Les Roussilles, nous combinons le calme et la nature avec le confort dont vous avez besoin pour un s\u00e9jour sans souci.<br>Pas de tourisme de masse, mais des \u00e9quipements pratiques et une attention personnelle.<\/p>\n\n\n\n<h2 class=\"wp-block-heading\"> Camping et s\u00e9jour<\/h2>\n\n\n\n<ul class=\"wp-block-list\">\n<li>Emplacements spacieux pour tentes, caravanes et camping-cars<\/li>\n\n\n\n<li>Mobil-homes pour 2 et 4 personnes<\/li>\n\n\n\n<li>\u00c9lectricit\u00e9 10A disponible (sur demande \/ par emplacement)<\/li>\n\n\n\n<li>Parking \u00e0 l'int\u00e9rieur ou \u00e0 proximit\u00e9 du logement<\/li>\n<\/ul>\n\n\n\n<h2 class=\"wp-block-heading\">Plomberie et confort<\/h2>\n\n\n\n<div class=\"wp-block-group is-content-justification-center is-nowrap is-layout-flex wp-container-core-group-is-layout-94bc23d7 wp-block-group-is-layout-flex\">\n<figure class=\"wp-block-image size-full\"><img loading=\"lazy\" decoding=\"async\" width=\"473\" height=\"630\" src=\"https:\/\/lesroussilles.com\/wp-content\/uploads\/2026\/02\/sanitair-1.png\" alt=\"B\u00e2timent sanitaire moderne et propre avec plusieurs lavabos et miroirs au Camping Les Roussilles\" class=\"wp-image-313\" srcset=\"https:\/\/lesroussilles.com\/wp-content\/uploads\/2026\/02\/sanitair-1.png 473w, https:\/\/lesroussilles.com\/wp-content\/uploads\/2026\/02\/sanitair-1-225x300.png 225w, https:\/\/lesroussilles.com\/wp-content\/uploads\/2026\/02\/sanitair-1-9x12.png 9w\" sizes=\"auto, (max-width: 473px) 100vw, 473px\" \/><\/figure>\n<\/div>\n\n\n\n<ul class=\"wp-block-list\">\n<li>B\u00e2timent sanitaire avec douches et toilettes (chauff\u00e9 en p\u00e9riode froide)<\/li>\n\n\n\n<li>Eau chaude<\/li>\n\n\n\n<li>Options de lavage<\/li>\n\n\n\n<li>Lave-linge \u00e0 disposition des h\u00f4tes<\/li>\n<\/ul>\n\n\n\n<h2 class=\"wp-block-heading\">Piscine<\/h2>\n\n\n\n<div class=\"wp-block-group is-content-justification-center is-nowrap is-layout-flex wp-container-core-group-is-layout-94bc23d7 wp-block-group-is-layout-flex\">\n<figure class=\"wp-block-gallery has-nested-images columns-default is-cropped wp-block-gallery-1 is-layout-flex wp-block-gallery-is-layout-flex\">\n<figure class=\"wp-block-image size-large\"><img loading=\"lazy\" decoding=\"async\" width=\"1024\" height=\"683\" data-id=\"283\" src=\"https:\/\/lesroussilles.com\/wp-content\/uploads\/2026\/02\/zwembad.jpg\" alt=\"Piscine ext\u00e9rieure avec chaises longues au Camping Les Roussilles, situ\u00e9 dans un cadre verdoyant.\" class=\"wp-image-283\" srcset=\"https:\/\/lesroussilles.com\/wp-content\/uploads\/2026\/02\/zwembad.jpg 1024w, https:\/\/lesroussilles.com\/wp-content\/uploads\/2026\/02\/zwembad-300x200.jpg 300w, https:\/\/lesroussilles.com\/wp-content\/uploads\/2026\/02\/zwembad-768x512.jpg 768w, https:\/\/lesroussilles.com\/wp-content\/uploads\/2026\/02\/zwembad-18x12.jpg 18w\" sizes=\"auto, (max-width: 1024px) 100vw, 1024px\" \/><\/figure>\n<\/figure>\n<\/div>\n\n\n\n<ul class=\"wp-block-list\">\n<li>Piscine sur place<\/li>\n\n\n\n<li>Chaises longues disponibles<\/li>\n\n\n\n<li>Parasols pour l'ombre<\/li>\n\n\n\n<li>Atmosph\u00e8re calme, id\u00e9ale pour se d\u00e9tendre<\/li>\n<\/ul>\n\n\n\n<h2 class=\"wp-block-heading\">Restaurant et terrasse<\/h2>\n\n\n\n<div class=\"wp-block-group is-nowrap is-layout-flex wp-container-core-group-is-layout-ad2f72ca wp-block-group-is-layout-flex\">\n<figure class=\"wp-block-gallery has-nested-images columns-default is-cropped wp-block-gallery-2 is-layout-flex wp-block-gallery-is-layout-flex\">\n<figure class=\"wp-block-image size-large\"><img loading=\"lazy\" decoding=\"async\" width=\"946\" height=\"631\" data-id=\"281\" src=\"https:\/\/lesroussilles.com\/wp-content\/uploads\/2026\/02\/terras.png\" alt=\"Terrasse confortable et restaurant sur le camping Les Roussilles en Limousin\" class=\"wp-image-281\" srcset=\"https:\/\/lesroussilles.com\/wp-content\/uploads\/2026\/02\/terras.png 946w, https:\/\/lesroussilles.com\/wp-content\/uploads\/2026\/02\/terras-300x200.png 300w, https:\/\/lesroussilles.com\/wp-content\/uploads\/2026\/02\/terras-768x512.png 768w, https:\/\/lesroussilles.com\/wp-content\/uploads\/2026\/02\/terras-18x12.png 18w\" sizes=\"auto, (max-width: 946px) 100vw, 946px\" \/><\/figure>\n<\/figure>\n<\/div>\n\n\n\n<ul class=\"wp-block-list\">\n<li>Restaurant sur place<\/li>\n\n\n\n<li>Terrasse dans un environnement verdoyant et calme<\/li>\n\n\n\n<li>Cuisine \u00e9quitable avec des produits locaux<\/li>\n<\/ul>\n\n\n\n<h2 class=\"wp-block-heading\"> Boutique du camping et service de sandwiches<\/h2>\n\n\n\n<div class=\"wp-block-columns is-layout-flex wp-container-core-columns-is-layout-9d6595d7 wp-block-columns-is-layout-flex\">\n<div class=\"wp-block-column is-layout-flow wp-block-column-is-layout-flow\">\n<div class=\"wp-block-buttons is-layout-flex wp-block-buttons-is-layout-flex\">\n<div class=\"wp-block-button\"><a class=\"wp-block-button__link wp-element-button\" href=\"https:\/\/lesroussilles.com\/wp-content\/uploads\/2026\/02\/Service-Pain.pdf\" target=\"_blank\" rel=\"noreferrer noopener\">Menu Service du pain - FR<\/a><\/div>\n<\/div>\n<\/div>\n\n\n\n<div class=\"wp-block-column is-layout-flow wp-block-column-is-layout-flow\">\n<div class=\"wp-block-buttons is-layout-flex wp-block-buttons-is-layout-flex\">\n<div class=\"wp-block-button\"><a class=\"wp-block-button__link wp-element-button\" href=\"https:\/\/lesroussilles.com\/wp-content\/uploads\/2026\/02\/Broodjesservice-NL.pdf\" target=\"_blank\" rel=\"noreferrer noopener\">Menu Service de sandwichs - FR<\/a><\/div>\n<\/div>\n<\/div>\n\n\n\n<div class=\"wp-block-column is-layout-flow wp-block-column-is-layout-flow\">\n<div class=\"wp-block-buttons is-layout-flex wp-block-buttons-is-layout-flex\">\n<div class=\"wp-block-button\"><a class=\"wp-block-button__link wp-element-button\" href=\"https:\/\/lesroussilles.com\/wp-content\/uploads\/2026\/02\/Bread-service.pdf\" target=\"_blank\" rel=\"noreferrer noopener\">Menu Service du pain - ENG<\/a><\/div>\n<\/div>\n<\/div>\n<\/div>\n\n\n\n<ul class=\"wp-block-list\">\n<li>Petit magasin de camping pour les produits de base<\/li>\n\n\n\n<li>Service de pain quotidien sur demande<\/li>\n\n\n\n<li>Pain frais et viennoiserie le matin<\/li>\n<\/ul>\n\n\n\n<h2 class=\"wp-block-heading\">Pour les familles<\/h2>\n\n\n\n<ul class=\"wp-block-list\">\n<li>Beaucoup d'espace pour jouer librement<\/li>\n\n\n\n<li>Aire de jeux \u00e0 proximit\u00e9 de la terrasse et du restaurant<\/li>\n\n\n\n<li>Environnement naturel<\/li>\n\n\n\n<li>p\u00e2turage \/ zoo pour enfants<\/li>\n<\/ul>\n\n\n\n<h2 class=\"wp-block-heading\">Bien-\u00eatre<\/h2>\n\n\n\n<ul class=\"wp-block-list\">\n<li>Sauna<\/li>\n\n\n\n<li>Bain \u00e0 remous<\/li>\n\n\n\n<li>Traitements sur rendez-vous<\/li>\n<\/ul>\n\n\n\n<h2 class=\"wp-block-heading\">Animaux de compagnie<\/h2>\n\n\n\n<ul class=\"wp-block-list\">\n<li>Les animaux domestiques sont les bienvenus <\/li>\n\n\n\n<li>Douche pour chiens disponible<\/li>\n\n\n\n<li>Nous demandons que les chiens soient tenus en laisse et que les excr\u00e9ments soient nettoy\u00e9s.<\/li>\n<\/ul>\n\n\n\n<h2 class=\"wp-block-heading\">Pratique<\/h2>\n\n\n\n<ul class=\"wp-block-list\">\n<li>Wifi disponible (limit\u00e9)<\/li>\n\n\n\n<li>Accueil personnalis\u00e9<\/li>\n\n\n\n<li>Multilingue : n\u00e9erlandais, fran\u00e7ais et anglais<\/li>\n\n\n\n<li>Nous nous contentons \u00e9galement de l'allemand<\/li>\n<\/ul>\n\n\n\n<h2 class=\"wp-block-heading\">Pourquoi les clients choisissent-ils Les Roussilles ?<\/h2>\n\n\n\n<ul class=\"wp-block-list\">\n<li>Le calme et la tranquillit\u00e9<\/li>\n\n\n\n<li>Pas de tourisme de masse<\/li>\n\n\n\n<li>Le confort sans chichis<\/li>\n\n\n\n<li>Accueil personnalis\u00e9<\/li>\n<\/ul>","protected":false},"excerpt":{"rendered":"<p>Faciliteiten op Camping Les Roussilles Hier vind je alle praktische en gezellige faciliteiten tijdens je verblijf bij Les Roussilles. Op Camping Les Roussilles combineren we rust en natuur met het comfort dat je nodig hebt voor een zorgeloos verblijf.Geen massatoerisme, w\u00e9l praktische voorzieningen en persoonlijke aandacht. Camping &amp; verblijf Sanitair &amp; comfort Zwembad Restaurant &amp;&#8230;<\/p>","protected":false},"author":1,"featured_media":0,"parent":0,"menu_order":0,"comment_status":"closed","ping_status":"closed","template":"","meta":{"_kad_post_transparent":"","_kad_post_title":"","_kad_post_layout":"","_kad_post_sidebar_id":"","_kad_post_content_style":"","_kad_post_vertical_padding":"","_kad_post_feature":"","_kad_post_feature_position":"","_kad_post_header":false,"_kad_post_footer":false,"_kad_post_classname":"","footnotes":""},"class_list":["post-222","page","type-page","status-publish","hentry"],"_links":{"self":[{"href":"https:\/\/lesroussilles.com\/fr\/wp-json\/wp\/v2\/pages\/222","targetHints":{"allow":["GET"]}}],"collection":[{"href":"https:\/\/lesroussilles.com\/fr\/wp-json\/wp\/v2\/pages"}],"about":[{"href":"https:\/\/lesroussilles.com\/fr\/wp-json\/wp\/v2\/types\/page"}],"author":[{"embeddable":true,"href":"https:\/\/lesroussilles.com\/fr\/wp-json\/wp\/v2\/users\/1"}],"replies":[{"embeddable":true,"href":"https:\/\/lesroussilles.com\/fr\/wp-json\/wp\/v2\/comments?post=222"}],"version-history":[{"count":10,"href":"https:\/\/lesroussilles.com\/fr\/wp-json\/wp\/v2\/pages\/222\/revisions"}],"predecessor-version":[{"id":327,"href":"https:\/\/lesroussilles.com\/fr\/wp-json\/wp\/v2\/pages\/222\/revisions\/327"}],"wp:attachment":[{"href":"https:\/\/lesroussilles.com\/fr\/wp-json\/wp\/v2\/media?parent=222"}],"curies":[{"name":"wp","href":"https:\/\/api.w.org\/{rel}","templated":true}]}}