{"id":26,"date":"2026-01-14T19:15:14","date_gmt":"2026-01-14T19:15:14","guid":{"rendered":"https:\/\/lesroussilles.com\/?page_id=26"},"modified":"2026-02-06T08:51:40","modified_gmt":"2026-02-06T08:51:40","slug":"contact","status":"publish","type":"page","link":"https:\/\/lesroussilles.com\/fr\/contact\/","title":{"rendered":"Contact"},"content":{"rendered":"<p>Vous avez une question concernant votre s\u00e9jour, la disponibilit\u00e9 ou le camping ?<br>N'h\u00e9sitez pas \u00e0 nous contacter, nous serons heureux de vous aider.<\/p>\n\n\n<style id=\"wpforms-css-vars-167-block-87d4a5aa-3757-4a70-b5d2-d2a4574681de\">\n\t\t\t\t#wpforms-167.wpforms-block-87d4a5aa-3757-4a70-b5d2-d2a4574681de {\n\t\t\t\t--wpforms-field-size-input-height: 43px;\n--wpforms-field-size-input-spacing: 15px;\n--wpforms-field-size-font-size: 16px;\n--wpforms-field-size-line-height: 19px;\n--wpforms-field-size-padding-h: 14px;\n--wpforms-field-size-checkbox-size: 16px;\n--wpforms-field-size-sublabel-spacing: 5px;\n--wpforms-field-size-icon-size: 1;\n--wpforms-label-size-font-size: 16px;\n--wpforms-label-size-line-height: 19px;\n--wpforms-label-size-sublabel-font-size: 14px;\n--wpforms-label-size-sublabel-line-height: 17px;\n--wpforms-button-size-font-size: 17px;\n--wpforms-button-size-height: 41px;\n--wpforms-button-size-padding-h: 15px;\n--wpforms-button-size-margin-top: 10px;\n\t\t\t}\n\t\t\t<\/style><div class=\"wpforms-container wpforms-container-full wpforms-block wpforms-block-87d4a5aa-3757-4a70-b5d2-d2a4574681de wpforms-render-modern\" id=\"wpforms-167\"><form id=\"wpforms-form-167\" class=\"wpforms-validate wpforms-form wpforms-ajax-form\" data-formid=\"167\" method=\"post\" enctype=\"multipart\/form-data\" action=\"\/fr\/wp-json\/wp\/v2\/pages\/26\" data-token=\"752da0b999b9d80a674007a33252f04b\" data-token-time=\"1776607711\" data-trp-original-action=\"\/fr\/wp-json\/wp\/v2\/pages\/26\"><noscript class=\"wpforms-error-noscript\">Veuillez activer JavaScript dans votre navigateur pour remplir ce formulaire.<\/noscript><div id=\"wpforms-error-noscript\" style=\"display: none;\">Veuillez activer JavaScript dans votre navigateur pour remplir ce formulaire.<\/div><div class=\"wpforms-field-container\">\t\t<div id=\"wpforms-167-field_4-container\"\n\t\t\tclass=\"wpforms-field wpforms-field-text\"\n\t\t\tdata-field-type=\"text\"\n\t\t\tdata-field-id=\"4\"\n\t\t\t>\n\t\t\t<label class=\"wpforms-field-label\" for=\"wpforms-167-field_4\" >Nom du message ou<\/label>\n\t\t\t<input type=\"text\" id=\"wpforms-167-field_4\" class=\"wpforms-field-medium\" name=\"wpforms[fields][4]\" >\n\t\t<\/div>\n\t\t<div id=\"wpforms-167-field_1-container\" class=\"wpforms-field wpforms-field-name\" data-field-id=\"1\"><fieldset><legend class=\"wpforms-field-label\">Nom <span class=\"wpforms-required-label\" aria-hidden=\"true\">*<\/span><\/legend><div class=\"wpforms-field-row wpforms-field-medium\"><div class=\"wpforms-field-row-block wpforms-first wpforms-one-half\"><input type=\"text\" id=\"wpforms-167-field_1\" class=\"wpforms-field-name-first wpforms-field-required\" name=\"wpforms[fields][1][first]\" aria-errormessage=\"wpforms-167-field_1-error\" required><label for=\"wpforms-167-field_1\" class=\"wpforms-field-sublabel after\">Pr\u00e9nom<\/label><\/div><div class=\"wpforms-field-row-block wpforms-one-half\"><input type=\"text\" id=\"wpforms-167-field_1-last\" class=\"wpforms-field-name-last wpforms-field-required\" name=\"wpforms[fields][1][last]\" aria-errormessage=\"wpforms-167-field_1-last-error\" required><label for=\"wpforms-167-field_1-last\" class=\"wpforms-field-sublabel after\">Nom<\/label><\/div><\/div><\/fieldset><\/div><div id=\"wpforms-167-field_2-container\" class=\"wpforms-field wpforms-field-email\" data-field-id=\"2\"><label class=\"wpforms-field-label\" for=\"wpforms-167-field_2\">Courriel <span class=\"wpforms-required-label\" aria-hidden=\"true\">*<\/span><\/label><input type=\"email\" id=\"wpforms-167-field_2\" class=\"wpforms-field-medium wpforms-field-required\" name=\"wpforms[fields][2]\" spellcheck=\"false\" aria-errormessage=\"wpforms-167-field_2-error\" required><\/div><div id=\"wpforms-167-field_3-container\" class=\"wpforms-field wpforms-field-textarea\" data-field-id=\"3\"><label class=\"wpforms-field-label\" for=\"wpforms-167-field_3\">Commentaire ou message<\/label><textarea id=\"wpforms-167-field_3\" class=\"wpforms-field-medium\" name=\"wpforms[fields][3]\" aria-errormessage=\"wpforms-167-field_3-error\" ><\/textarea><\/div><script>\n\t\t\t\t( function() {\n\t\t\t\t\tconst style = document.createElement( 'style' );\n\t\t\t\t\tstyle.appendChild( document.createTextNode( '#wpforms-167-field_4-container { position: absolute !important; overflow: hidden !important; display: inline !important; height: 1px !important; width: 1px !important; z-index: -1000 !important; padding: 0 !important; } #wpforms-167-field_4-container input { visibility: hidden; } #wpforms-conversational-form-page #wpforms-167-field_4-container label { counter-increment: none; }' ) );\n\t\t\t\t\tdocument.head.appendChild( style );\n\t\t\t\t\tdocument.currentScript?.remove();\n\t\t\t\t} )();\n\t\t\t<\/script><\/div><!-- .wpforms-field-container --><div class=\"wpforms-submit-container\" ><input type=\"hidden\" name=\"wpforms[id]\" value=\"167\"><input type=\"hidden\" name=\"page_title\" value=\"\"><input type=\"hidden\" name=\"page_url\" value=\"https:\/\/lesroussilles.com\/fr\/wp-json\/wp\/v2\/pages\/26\"><input type=\"hidden\" name=\"url_referer\" value=\"\"><button type=\"submit\" name=\"wpforms[submit]\" id=\"wpforms-submit-167\" class=\"wpforms-submit\" data-alt-text=\"Sending...\" data-submit-text=\"Submit\" aria-live=\"assertive\" value=\"wpforms-submit\">Soumettre<\/button><img loading=\"lazy\" decoding=\"async\" src=\"https:\/\/lesroussilles.com\/wp-content\/plugins\/wpforms-lite\/assets\/images\/submit-spin.svg\" class=\"wpforms-submit-spinner\" style=\"display: none;\" width=\"26\" height=\"26\" alt=\"Chargement en cours\"><\/div><input type=\"hidden\" name=\"trp-form-language\" value=\"fr\"\/><\/form><\/div>  <!-- .wpforms-container -->\n\n\n<h2 class=\"wp-block-heading\">Coordonn\u00e9es de la personne \u00e0 contacter<\/h2>\n\n\n\n<ul class=\"wp-block-list\">\n<li>T\u00e9l\u00e9phone : 0033 7 46 47 55 49<\/li>\n\n\n\n<li>Courriel : info@lesroussilles.com<\/li>\n\n\n\n<li>Adresse :<br>Camping Les Roussilles<br>2 Les Roussilles<br>87240 Saint-Sylvestre, France<\/li>\n<\/ul>\n\n\n\n<h2 class=\"wp-block-heading\">R\u00e9servation<\/h2>\n\n\n\n<p>La r\u00e9servation est facile gr\u00e2ce \u00e0 notre syst\u00e8me de r\u00e9servation en ligne.<br>Si vous avez des questions avant ou apr\u00e8s votre r\u00e9servation, vous pouvez toujours nous contacter.<\/p>\n\n\n\n<div class=\"wp-block-buttons is-layout-flex wp-block-buttons-is-layout-flex\">\n<div class=\"wp-block-button\"><a class=\"wp-block-button__link wp-element-button\" href=\"https:\/\/reservation.secureholiday.net\/fr\/18309\/search\/\" target=\"_blank\" rel=\"noopener\">R\u00e9server<\/a><\/div>\n<\/div>\n\n\n\n<h2 class=\"wp-block-heading\">Contact personnel<\/h2>\n\n\n\n<p>Nous privil\u00e9gions le contact personnel et r\u00e9pondons aux questions le plus rapidement possible.<br>N'h\u00e9sitez donc pas \u00e0 nous contacter - nous serons heureux de r\u00e9fl\u00e9chir avec vous.<\/p>","protected":false},"excerpt":{"rendered":"<p>Heb je een vraag over je verblijf, beschikbaarheid of de camping?Neem gerust contact met ons op, we helpen je graag verder. Contactgegevens Reserveren Reserveren verloopt eenvoudig via ons online boekingssysteem.Voor vragen voor of na je boeking kan je ons steeds contacteren. Persoonlijk contact We hechten veel belang aan persoonlijk contact en beantwoorden vragen zo snel&#8230;<\/p>","protected":false},"author":1,"featured_media":0,"parent":0,"menu_order":0,"comment_status":"closed","ping_status":"closed","template":"","meta":{"_kad_post_transparent":"","_kad_post_title":"","_kad_post_layout":"","_kad_post_sidebar_id":"","_kad_post_content_style":"","_kad_post_vertical_padding":"","_kad_post_feature":"","_kad_post_feature_position":"","_kad_post_header":false,"_kad_post_footer":false,"_kad_post_classname":"","footnotes":""},"class_list":["post-26","page","type-page","status-publish","hentry"],"_links":{"self":[{"href":"https:\/\/lesroussilles.com\/fr\/wp-json\/wp\/v2\/pages\/26","targetHints":{"allow":["GET"]}}],"collection":[{"href":"https:\/\/lesroussilles.com\/fr\/wp-json\/wp\/v2\/pages"}],"about":[{"href":"https:\/\/lesroussilles.com\/fr\/wp-json\/wp\/v2\/types\/page"}],"author":[{"embeddable":true,"href":"https:\/\/lesroussilles.com\/fr\/wp-json\/wp\/v2\/users\/1"}],"replies":[{"embeddable":true,"href":"https:\/\/lesroussilles.com\/fr\/wp-json\/wp\/v2\/comments?post=26"}],"version-history":[{"count":4,"href":"https:\/\/lesroussilles.com\/fr\/wp-json\/wp\/v2\/pages\/26\/revisions"}],"predecessor-version":[{"id":173,"href":"https:\/\/lesroussilles.com\/fr\/wp-json\/wp\/v2\/pages\/26\/revisions\/173"}],"wp:attachment":[{"href":"https:\/\/lesroussilles.com\/fr\/wp-json\/wp\/v2\/media?parent=26"}],"curies":[{"name":"wp","href":"https:\/\/api.w.org\/{rel}","templated":true}]}}