{"id":28,"date":"2026-01-14T19:19:18","date_gmt":"2026-01-14T19:19:18","guid":{"rendered":"https:\/\/lesroussilles.com\/?page_id=28"},"modified":"2026-01-24T20:02:09","modified_gmt":"2026-01-24T20:02:09","slug":"hebergement","status":"publish","type":"page","link":"https:\/\/lesroussilles.com\/fr\/camping\/hebergement\/","title":{"rendered":"H\u00e9bergement"},"content":{"rendered":"<blockquote class=\"wp-block-quote is-layout-flow wp-block-quote-is-layout-flow\">\n<p>H\u00e9bergement \u00e0 Les Roussilles<\/p>\n\n\n\n<p>Que vous veniez en camping avec votre tente, votre caravane ou votre camping-car, ou que vous pr\u00e9f\u00e9riez le confort d'un mobil-home, \u00e0 Les Roussilles vous s\u00e9journerez au c\u0153ur de la nature, dans le calme et la tranquillit\u00e9.<\/p>\n\n\n\n<p>Nous sommes un camping de petite taille o\u00f9 l'espace, la d\u00e9tente et l'accueil chaleureux sont primordiaux. Id\u00e9al pour ceux qui aiment la verdure, le silence, la simplicit\u00e9 et le confort.<\/p>\n<\/blockquote>\n\n\n\n<div class=\"wp-block-group\"><div class=\"wp-block-group__inner-container is-layout-constrained wp-block-group-is-layout-constrained\">\n<div class=\"wp-block-columns is-layout-flex wp-container-core-columns-is-layout-9d6595d7 wp-block-columns-is-layout-flex\">\n<div class=\"wp-block-column is-layout-flow wp-block-column-is-layout-flow\">\n<h3 class=\"wp-block-heading\">Mobil-homes 2 personnes<\/h3>\n\n\n\n<p>Cosy et confortable pour les couples ou les voyageurs solitaires qui souhaitent se d\u00e9tendre dans un environnement calme.<\/p>\n\n\n\n<p><strong>Id\u00e9al pour :<\/strong><\/p>\n\n\n\n<ul class=\"wp-block-list\">\n<li>un week-end ou un milieu de semaine dans la nature<\/li>\n\n\n\n<li>ceux qui aiment le confort sans la foule<\/li>\n\n\n\n<li>les pacifistes, les randonneurs et les cyclistes<\/li>\n<\/ul>\n\n\n\n<p><strong>\u00c0 quoi s'attendre ?<\/strong><\/p>\n\n\n\n<div class=\"wp-block-group\"><div class=\"wp-block-group__inner-container is-layout-constrained wp-block-group-is-layout-constrained\">\n<ul class=\"wp-block-list\">\n<li>Mobil-home confortable avec confort de base<\/li>\n\n\n\n<li>\u00e0 proximit\u00e9 de la nature et des installations de camping<\/li>\n\n\n\n<li>une terrasse ou un espace ext\u00e9rieur pour profiter<\/li>\n<\/ul>\n<\/div><\/div>\n\n\n\n<p><a href=\"https:\/\/lesroussilles.com\/fr\/?page_id=111\" data-type=\"page\" data-id=\"111\">Voir la maison mobile 2p<\/a><\/p>\n<\/div>\n\n\n\n<div class=\"wp-block-column is-layout-flow wp-block-column-is-layout-flow\">\n<h3 class=\"wp-block-heading\">Mobilhomes 4 personnes<\/h3>\n\n\n\n<p>Notre mobil-home pour 4 personnes est id\u00e9al pour les familles ou les amis qui souhaitent profiter de l'espace, de la nature et du confort.<\/p>\n\n\n\n<p><strong>Id\u00e9al pour :<\/strong><\/p>\n\n\n\n<ul class=\"wp-block-list\">\n<li>familles avec enfants<\/li>\n\n\n\n<li>vacances entre amis<\/li>\n\n\n\n<li>un s\u00e9jour confortable en toute saison<\/li>\n<\/ul>\n\n\n\n<p><strong>\u00c0 quoi s'attendre ?<\/strong><\/p>\n\n\n\n<ul class=\"wp-block-list\">\n<li>l'acc\u00e8s \u00e0 toutes les installations de camping<\/li>\n\n\n\n<li>am\u00e9nagement pratique pour 4 personnes<\/li>\n\n\n\n<li>espace ext\u00e9rieur pour se d\u00e9tendre<\/li>\n<\/ul>\n\n\n\n<p><a href=\"https:\/\/lesroussilles.com\/fr\/?page_id=112\" data-type=\"page\" data-id=\"112\">Voir la maison mobile 4p<\/a><\/p>\n<\/div>\n<\/div>\n<\/div><\/div>\n\n\n\n<p><\/p>","protected":false},"excerpt":{"rendered":"<p>Accommodaties bij Les Roussilles Of je nu komt kamperen met je tent, caravan of camper, of liever kiest voor het comfort van een mobilhome: bij Les Roussilles verblijf je midden in de natuur, in alle rust. We zijn een kleinschalige camping waar ruimte, ontspanning en een warme ontvangst centraal staan. Ideaal voor wie houdt van&#8230;<\/p>","protected":false},"author":1,"featured_media":0,"parent":9,"menu_order":0,"comment_status":"closed","ping_status":"closed","template":"","meta":{"_kad_post_transparent":"","_kad_post_title":"","_kad_post_layout":"","_kad_post_sidebar_id":"","_kad_post_content_style":"","_kad_post_vertical_padding":"","_kad_post_feature":"","_kad_post_feature_position":"","_kad_post_header":false,"_kad_post_footer":false,"_kad_post_classname":"","footnotes":""},"class_list":["post-28","page","type-page","status-publish","hentry"],"_links":{"self":[{"href":"https:\/\/lesroussilles.com\/fr\/wp-json\/wp\/v2\/pages\/28","targetHints":{"allow":["GET"]}}],"collection":[{"href":"https:\/\/lesroussilles.com\/fr\/wp-json\/wp\/v2\/pages"}],"about":[{"href":"https:\/\/lesroussilles.com\/fr\/wp-json\/wp\/v2\/types\/page"}],"author":[{"embeddable":true,"href":"https:\/\/lesroussilles.com\/fr\/wp-json\/wp\/v2\/users\/1"}],"replies":[{"embeddable":true,"href":"https:\/\/lesroussilles.com\/fr\/wp-json\/wp\/v2\/comments?post=28"}],"version-history":[{"count":4,"href":"https:\/\/lesroussilles.com\/fr\/wp-json\/wp\/v2\/pages\/28\/revisions"}],"predecessor-version":[{"id":230,"href":"https:\/\/lesroussilles.com\/fr\/wp-json\/wp\/v2\/pages\/28\/revisions\/230"}],"up":[{"embeddable":true,"href":"https:\/\/lesroussilles.com\/fr\/wp-json\/wp\/v2\/pages\/9"}],"wp:attachment":[{"href":"https:\/\/lesroussilles.com\/fr\/wp-json\/wp\/v2\/media?parent=28"}],"curies":[{"name":"wp","href":"https:\/\/api.w.org\/{rel}","templated":true}]}}