{"id":30,"date":"2026-01-14T19:19:53","date_gmt":"2026-01-14T19:19:53","guid":{"rendered":"https:\/\/lesroussilles.com\/?page_id=30"},"modified":"2026-02-09T16:24:56","modified_gmt":"2026-02-09T16:24:56","slug":"emplacements","status":"publish","type":"page","link":"https:\/\/lesroussilles.com\/fr\/camping\/emplacements\/","title":{"rendered":"Emplacements"},"content":{"rendered":"<figure class=\"wp-block-gallery has-nested-images columns-default is-cropped wp-block-gallery-1 is-layout-flex wp-block-gallery-is-layout-flex\">\n<figure class=\"wp-block-image size-large\"><img loading=\"lazy\" decoding=\"async\" width=\"1024\" height=\"768\" data-id=\"288\" src=\"https:\/\/lesroussilles.com\/wp-content\/uploads\/2026\/02\/20260102_093923-1024x768.jpg\" alt=\"Emplacements spacieux avec beaucoup d&#039;intimit\u00e9 au Camping Les Roussilles\" class=\"wp-image-288\" srcset=\"https:\/\/lesroussilles.com\/wp-content\/uploads\/2026\/02\/20260102_093923-1024x768.jpg 1024w, https:\/\/lesroussilles.com\/wp-content\/uploads\/2026\/02\/20260102_093923-300x225.jpg 300w, https:\/\/lesroussilles.com\/wp-content\/uploads\/2026\/02\/20260102_093923-768x576.jpg 768w, https:\/\/lesroussilles.com\/wp-content\/uploads\/2026\/02\/20260102_093923-1536x1152.jpg 1536w, https:\/\/lesroussilles.com\/wp-content\/uploads\/2026\/02\/20260102_093923-2048x1536.jpg 2048w, https:\/\/lesroussilles.com\/wp-content\/uploads\/2026\/02\/20260102_093923-16x12.jpg 16w\" sizes=\"auto, (max-width: 1024px) 100vw, 1024px\" \/><\/figure>\n\n\n\n<figure class=\"wp-block-image size-large\"><img loading=\"lazy\" decoding=\"async\" width=\"1024\" height=\"768\" data-id=\"261\" src=\"https:\/\/lesroussilles.com\/wp-content\/uploads\/2026\/02\/20260203_133034-1024x768.jpg\" alt=\"Emplacements spacieux dans un cadre verdoyant et calme en Limousin\" class=\"wp-image-261\" srcset=\"https:\/\/lesroussilles.com\/wp-content\/uploads\/2026\/02\/20260203_133034-1024x768.jpg 1024w, https:\/\/lesroussilles.com\/wp-content\/uploads\/2026\/02\/20260203_133034-300x225.jpg 300w, https:\/\/lesroussilles.com\/wp-content\/uploads\/2026\/02\/20260203_133034-768x576.jpg 768w, https:\/\/lesroussilles.com\/wp-content\/uploads\/2026\/02\/20260203_133034-1536x1152.jpg 1536w, https:\/\/lesroussilles.com\/wp-content\/uploads\/2026\/02\/20260203_133034-2048x1536.jpg 2048w, https:\/\/lesroussilles.com\/wp-content\/uploads\/2026\/02\/20260203_133034-16x12.jpg 16w\" sizes=\"auto, (max-width: 1024px) 100vw, 1024px\" \/><\/figure>\n\n\n\n<figure class=\"wp-block-image size-large\"><img loading=\"lazy\" decoding=\"async\" width=\"765\" height=\"1020\" data-id=\"287\" src=\"https:\/\/lesroussilles.com\/wp-content\/uploads\/2026\/02\/camper.webp\" alt=\"Emplacements pour camping-cars dans un environnement calme et verdoyant\" class=\"wp-image-287\" srcset=\"https:\/\/lesroussilles.com\/wp-content\/uploads\/2026\/02\/camper.webp 765w, https:\/\/lesroussilles.com\/wp-content\/uploads\/2026\/02\/camper-225x300.webp 225w, https:\/\/lesroussilles.com\/wp-content\/uploads\/2026\/02\/camper-9x12.webp 9w\" sizes=\"auto, (max-width: 765px) 100vw, 765px\" \/><\/figure>\n<\/figure>\n\n\n\n<p class=\"has-text-align-center has-small-font-size\">Nos emplacements spacieux conviennent aux tentes, aux caravanes et aux camping-cars. Vous camperez ici en toute tranquillit\u00e9, entour\u00e9 par la nature et le silence.<\/p>\n\n\n\n<p>Nos emplacements spacieux sont diss\u00e9min\u00e9s sur le site, entour\u00e9s de verdure et de silence.<br>Id\u00e9al pour les tentes, les caravanes et les campeurs, pour ceux qui aiment la paix et la nature.<\/p>\n\n\n\n<h2 class=\"wp-block-heading\">Camping en pleine nature<\/h2>\n\n\n\n<p>\u00c0 Les Roussilles, vous camperez sur des emplacements spacieux offrant beaucoup d'intimit\u00e9.<br>Vous profiterez d'un environnement naturel, loin des foules et du tourisme de masse.<\/p>\n\n\n\n<h2 class=\"wp-block-heading\">Installations<\/h2>\n\n\n\n<p>- Convient pour les tentes, les caravanes et les camping-cars<br>- Emplacements spacieux d'au moins 70 m\u00b2.<br>- \u00c9lectricit\u00e9 10A disponible (sur demande ou sur place)<br>- Installations sanitaires modernes \u00e0 proximit\u00e9<br>- Environnement calme et verdoyant<\/p>\n\n\n\n<h2 class=\"wp-block-heading\">Infos pratiques<\/h2>\n\n\n\n<p>Nos emplacements sont disponibles toute l'ann\u00e9e. .<br>Arriv\u00e9e possible \u00e0 partir de 15h, d\u00e9part avant 12h<br>Pour des s\u00e9jours plus longs ou des demandes sp\u00e9cifiques, veuillez nous contacter \u00e0 tout moment.<\/p>\n\n\n\n<div class=\"wp-block-buttons is-layout-flex wp-block-buttons-is-layout-flex\">\n<div class=\"wp-block-button\"><a class=\"wp-block-button__link wp-element-button\" href=\"https:\/\/lesroussilles.com\/fr\/contact\/\">Prendre contact<\/a><\/div>\n\n\n\n<div class=\"wp-block-button\"><a class=\"wp-block-button__link wp-element-button\" href=\"https:\/\/reservation.secureholiday.net\/fr\/18309\/search\/\" target=\"_blank\" rel=\"noreferrer noopener\">V\u00e9rifier les prix et la disponibilit\u00e9<\/a><\/div>\n<\/div>\n\n\n\n<p><\/p>","protected":false},"excerpt":{"rendered":"<p>Onze ruime staanplaatsen zijn geschikt voor tenten, caravans en campers. Je kampeert hier in alle rust, omringd door natuur en stilte. Onze ruime staanplaatsen liggen verspreid over het terrein, omgeven door groen en stilte.Ideaal voor tenten, caravans en campers, voor wie houdt van rust en natuur. Kamperen midden in de natuur Bij Les Roussilles kampeer&#8230;<\/p>","protected":false},"author":1,"featured_media":0,"parent":9,"menu_order":0,"comment_status":"closed","ping_status":"closed","template":"","meta":{"_kad_post_transparent":"","_kad_post_title":"","_kad_post_layout":"","_kad_post_sidebar_id":"","_kad_post_content_style":"","_kad_post_vertical_padding":"","_kad_post_feature":"","_kad_post_feature_position":"","_kad_post_header":false,"_kad_post_footer":false,"_kad_post_classname":"","footnotes":""},"class_list":["post-30","page","type-page","status-publish","hentry"],"_links":{"self":[{"href":"https:\/\/lesroussilles.com\/fr\/wp-json\/wp\/v2\/pages\/30","targetHints":{"allow":["GET"]}}],"collection":[{"href":"https:\/\/lesroussilles.com\/fr\/wp-json\/wp\/v2\/pages"}],"about":[{"href":"https:\/\/lesroussilles.com\/fr\/wp-json\/wp\/v2\/types\/page"}],"author":[{"embeddable":true,"href":"https:\/\/lesroussilles.com\/fr\/wp-json\/wp\/v2\/users\/1"}],"replies":[{"embeddable":true,"href":"https:\/\/lesroussilles.com\/fr\/wp-json\/wp\/v2\/comments?post=30"}],"version-history":[{"count":4,"href":"https:\/\/lesroussilles.com\/fr\/wp-json\/wp\/v2\/pages\/30\/revisions"}],"predecessor-version":[{"id":311,"href":"https:\/\/lesroussilles.com\/fr\/wp-json\/wp\/v2\/pages\/30\/revisions\/311"}],"up":[{"embeddable":true,"href":"https:\/\/lesroussilles.com\/fr\/wp-json\/wp\/v2\/pages\/9"}],"wp:attachment":[{"href":"https:\/\/lesroussilles.com\/fr\/wp-json\/wp\/v2\/media?parent=30"}],"curies":[{"name":"wp","href":"https:\/\/api.w.org\/{rel}","templated":true}]}}