{"id":32,"date":"2026-01-14T19:20:14","date_gmt":"2026-01-14T19:20:14","guid":{"rendered":"https:\/\/lesroussilles.com\/?page_id=32"},"modified":"2026-02-09T16:18:49","modified_gmt":"2026-02-09T16:18:49","slug":"camping-dhiver","status":"publish","type":"page","link":"https:\/\/lesroussilles.com\/fr\/camping\/camping-dhiver\/","title":{"rendered":"Camping d'hiver"},"content":{"rendered":"<figure class=\"wp-block-gallery has-nested-images columns-default is-cropped wp-block-gallery-1 is-layout-flex wp-block-gallery-is-layout-flex\">\n<figure class=\"wp-block-image size-large\"><img loading=\"lazy\" decoding=\"async\" width=\"1024\" height=\"768\" data-id=\"303\" src=\"https:\/\/lesroussilles.com\/wp-content\/uploads\/2026\/02\/winterkamperen-2-1024x768.webp\" alt=\"Camping d&#039;hiver Les Roussilles en Limousin avec terrain de jeux et emplacements enneig\u00e9s\" class=\"wp-image-303\" srcset=\"https:\/\/lesroussilles.com\/wp-content\/uploads\/2026\/02\/winterkamperen-2-1024x768.webp 1024w, https:\/\/lesroussilles.com\/wp-content\/uploads\/2026\/02\/winterkamperen-2-300x225.webp 300w, https:\/\/lesroussilles.com\/wp-content\/uploads\/2026\/02\/winterkamperen-2-768x576.webp 768w, https:\/\/lesroussilles.com\/wp-content\/uploads\/2026\/02\/winterkamperen-2-16x12.webp 16w, https:\/\/lesroussilles.com\/wp-content\/uploads\/2026\/02\/winterkamperen-2.webp 1360w\" sizes=\"auto, (max-width: 1024px) 100vw, 1024px\" \/><\/figure>\n\n\n\n<figure class=\"wp-block-image size-large\"><img loading=\"lazy\" decoding=\"async\" width=\"1024\" height=\"768\" data-id=\"304\" src=\"https:\/\/lesroussilles.com\/wp-content\/uploads\/2026\/02\/winterkamperen-1024x768.webp\" alt=\"Camping d&#039;hiver en France - Camping Les Roussilles avec mobil-homes et nature dans la neige\" class=\"wp-image-304\" srcset=\"https:\/\/lesroussilles.com\/wp-content\/uploads\/2026\/02\/winterkamperen-1024x768.webp 1024w, https:\/\/lesroussilles.com\/wp-content\/uploads\/2026\/02\/winterkamperen-300x225.webp 300w, https:\/\/lesroussilles.com\/wp-content\/uploads\/2026\/02\/winterkamperen-768x576.webp 768w, https:\/\/lesroussilles.com\/wp-content\/uploads\/2026\/02\/winterkamperen-16x12.webp 16w, https:\/\/lesroussilles.com\/wp-content\/uploads\/2026\/02\/winterkamperen.webp 1360w\" sizes=\"auto, (max-width: 1024px) 100vw, 1024px\" \/><\/figure>\n<\/figure>\n\n\n\n<p>Vous \u00eates \u00e9galement les bienvenus chez Les Roussilles en hiver.<br>Un lieu paisible pour ceux qui aiment la nature, le silence et la simplicit\u00e9, loin des foules.<\/p>\n\n\n\n<h2 class=\"wp-block-heading\">Le camping en toutes saisons<\/h2>\n\n\n\n<p><mark style=\"background-color:rgba(0, 0, 0, 0)\" class=\"has-inline-color has-theme-palette-3-color\">Camping d'hiver<\/mark> chez Les Roussilles est synonyme d'espace, de calme et de nature.<br>Pas de camping bond\u00e9, pas d'animation, juste un s\u00e9jour de d\u00e9tente dans un cadre verdoyant.<\/p>\n\n\n\n<h2 class=\"wp-block-heading\">Infos pratiques<\/h2>\n\n\n\n<p>- Camping d'hiver possible sur demande<br>- Convient aux camping-cars et aux caravanes<br>- Environnement calme<br>- Installations de base disponibles (comme un b\u00e2timent sanitaire chauff\u00e9, etc.)<br>- Contact personnel et accueil<\/p>\n\n\n\n<div class=\"wp-block-buttons is-layout-flex wp-block-buttons-is-layout-flex\">\n<div class=\"wp-block-button\"><a class=\"wp-block-button__link wp-element-button\" href=\"https:\/\/lesroussilles.com\/fr\/contact\/\">Prendre contact<\/a><\/div>\n\n\n\n<div class=\"wp-block-button\"><a class=\"wp-block-button__link wp-element-button\" href=\"https:\/\/reservation.secureholiday.net\/fr\/18309\/search\/\" target=\"_blank\" rel=\"noreferrer noopener nofollow\">Demande de renseignements sur l'h\u00e9bergement d'hiver<\/a><\/div>\n<\/div>\n\n\n\n<p><\/p>","protected":false},"excerpt":{"rendered":"<p>Ook in de winter ben je welkom bij Les Roussilles.Een rustige plek voor wie houdt van natuur, stilte en eenvoud, ver weg van de drukte. Kamperen in alle seizoenen Winterkamperen bij Les Roussilles betekent ruimte, rust en natuur.Geen volle camping, geen animatie, maar een ontspannen verblijf in een groene omgeving. Praktische info \u2013 Winterkamperen mogelijk&#8230;<\/p>","protected":false},"author":1,"featured_media":0,"parent":9,"menu_order":0,"comment_status":"closed","ping_status":"closed","template":"","meta":{"_kad_post_transparent":"","_kad_post_title":"","_kad_post_layout":"","_kad_post_sidebar_id":"","_kad_post_content_style":"","_kad_post_vertical_padding":"","_kad_post_feature":"","_kad_post_feature_position":"","_kad_post_header":false,"_kad_post_footer":false,"_kad_post_classname":"","footnotes":""},"class_list":["post-32","page","type-page","status-publish","hentry"],"_links":{"self":[{"href":"https:\/\/lesroussilles.com\/fr\/wp-json\/wp\/v2\/pages\/32","targetHints":{"allow":["GET"]}}],"collection":[{"href":"https:\/\/lesroussilles.com\/fr\/wp-json\/wp\/v2\/pages"}],"about":[{"href":"https:\/\/lesroussilles.com\/fr\/wp-json\/wp\/v2\/types\/page"}],"author":[{"embeddable":true,"href":"https:\/\/lesroussilles.com\/fr\/wp-json\/wp\/v2\/users\/1"}],"replies":[{"embeddable":true,"href":"https:\/\/lesroussilles.com\/fr\/wp-json\/wp\/v2\/comments?post=32"}],"version-history":[{"count":4,"href":"https:\/\/lesroussilles.com\/fr\/wp-json\/wp\/v2\/pages\/32\/revisions"}],"predecessor-version":[{"id":306,"href":"https:\/\/lesroussilles.com\/fr\/wp-json\/wp\/v2\/pages\/32\/revisions\/306"}],"up":[{"embeddable":true,"href":"https:\/\/lesroussilles.com\/fr\/wp-json\/wp\/v2\/pages\/9"}],"wp:attachment":[{"href":"https:\/\/lesroussilles.com\/fr\/wp-json\/wp\/v2\/media?parent=32"}],"curies":[{"name":"wp","href":"https:\/\/api.w.org\/{rel}","templated":true}]}}