{"id":38,"date":"2026-01-14T19:21:52","date_gmt":"2026-01-14T19:21:52","guid":{"rendered":"https:\/\/lesroussilles.com\/?page_id=38"},"modified":"2026-01-15T12:35:09","modified_gmt":"2026-01-15T12:35:09","slug":"taux","status":"publish","type":"page","link":"https:\/\/lesroussilles.com\/fr\/pratique\/taux\/","title":{"rendered":"Tarifs"},"content":{"rendered":"<p>Chez Les Roussilles, nous travaillons avec <strong>tarifs fixes<\/strong> et <strong>r\u00e9server en ligne<\/strong>.<br>Vous savez ainsi exactement \u00e0 quoi vous en tenir et vous pouvez facilement r\u00e9server votre s\u00e9jour en fonction des disponibilit\u00e9s.<\/p>\n\n\n\n<h3 class=\"wp-block-heading\">Mobilhomes<\/h3>\n\n\n\n<h4 class=\"wp-block-heading\"><strong>Mobilhome 2 personnes<\/strong><\/h4>\n\n\n\n<ul class=\"wp-block-list\">\n<li>De <strong>65 \u20ac par nuit<\/strong><\/li>\n\n\n\n<li>De <strong>420 \u20ac par semaine<\/strong><\/li>\n\n\n\n<li>Avec sanitaires priv\u00e9s, cuisine et terrasse<\/li>\n\n\n\n<li>Id\u00e9al pour les couples ou les voyageurs en solo<\/li>\n<\/ul>\n\n\n\n<div class=\"wp-block-buttons is-layout-flex wp-block-buttons-is-layout-flex\">\n<div class=\"wp-block-button\"><a class=\"wp-block-button__link wp-element-button\" href=\"https:\/\/lesroussilles.com\/fr\/camping\/hebergement\/mobil-home-2-personnes\/\"><strong>Voir le mobil-home 2 personnes<\/strong><\/a><\/div>\n<\/div>\n\n\n\n<div class=\"wp-block-buttons is-layout-flex wp-block-buttons-is-layout-flex\">\n<div class=\"wp-block-button\"><a class=\"wp-block-button__link wp-element-button\" href=\"https:\/\/reservation.secureholiday.net\/fr\/18309\/search\/\" target=\"_blank\" rel=\"noopener\">R\u00e9server<\/a><\/div>\n<\/div>\n\n\n\n<h4 class=\"wp-block-heading\"><strong>Mobilhome 4 personnes<\/strong><\/h4>\n\n\n\n<ul class=\"wp-block-list\">\n<li>De <strong>75 \u20ac par nuit<\/strong><\/li>\n\n\n\n<li>De <strong>490 \u20ac par semaine<\/strong><\/li>\n\n\n\n<li>Logement plus spacieux, adapt\u00e9 aux familles ou aux amis<\/li>\n\n\n\n<li>Avec tout le confort n\u00e9cessaire pour des vacances reposantes<\/li>\n<\/ul>\n\n\n\n<div class=\"wp-block-buttons is-layout-flex wp-block-buttons-is-layout-flex\">\n<div class=\"wp-block-button\"><a class=\"wp-block-button__link wp-element-button\" href=\"https:\/\/lesroussilles.com\/fr\/camping\/hebergement\/mobil-home-4-personnes\/\">Voir le mobil-home 4 personnes<\/a><\/div>\n<\/div>\n\n\n\n<div class=\"wp-block-buttons is-layout-flex wp-block-buttons-is-layout-flex\">\n<div class=\"wp-block-button\"><a class=\"wp-block-button__link wp-element-button\" href=\"https:\/\/reservation.secureholiday.net\/fr\/18309\/search\/\" target=\"_blank\" rel=\"noopener\">R\u00e9server<\/a><\/div>\n<\/div>\n\n\n\n<h3 class=\"wp-block-heading\"><strong>Emplacements<\/strong><\/h3>\n\n\n\n<ul class=\"wp-block-list\">\n<li><strong>Pitch :<\/strong> 15 \u20ac par nuit<\/li>\n\n\n\n<li><strong>Personnes et options<\/strong> sont calcul\u00e9es s\u00e9par\u00e9ment<\/li>\n\n\n\n<li>Convient pour les tentes, les caravanes et les camping-cars<\/li>\n<\/ul>\n\n\n\n<div class=\"wp-block-buttons is-layout-flex wp-block-buttons-is-layout-flex\">\n<div class=\"wp-block-button\"><a class=\"wp-block-button__link wp-element-button\" href=\"https:\/\/lesroussilles.com\/fr\/camping\/emplacements\/\">Voir les emplacements<\/a><\/div>\n<\/div>\n\n\n\n<div class=\"wp-block-buttons is-layout-flex wp-block-buttons-is-layout-flex\">\n<div class=\"wp-block-button\"><a class=\"wp-block-button__link wp-element-button\" href=\"https:\/\/reservation.secureholiday.net\/fr\/18309\/search\/\" target=\"_blank\" rel=\"noopener\">R\u00e9server<\/a><\/div>\n<\/div>\n\n\n\n<h3 class=\"wp-block-heading\"><strong>R\u00e9servation<\/strong><\/h3>\n\n\n\n<p>La r\u00e9servation est facile gr\u00e2ce \u00e0 notre syst\u00e8me de r\u00e9servation en ligne.<br>Vous verrez imm\u00e9diatement le prix correct et la disponibilit\u00e9.<\/p>\n\n\n\n<div class=\"wp-block-buttons is-layout-flex wp-block-buttons-is-layout-flex\">\n<div class=\"wp-block-button\"><a class=\"wp-block-button__link wp-element-button\" href=\"https:\/\/reservation.secureholiday.net\/fr\/18309\/search\/\" target=\"_blank\" rel=\"noopener\">R\u00e9server<\/a><\/div>\n<\/div>","protected":false},"excerpt":{"rendered":"<p>Bij Les Roussilles werken we met vaste tarieven en online reserveren.Zo weet je vooraf exact waar je aan toe bent en kan je eenvoudig je verblijf boeken volgens beschikbaarheid. Mobilhomes Mobilhome 2 personen Mobilhome 4 personen Staanplaatsen Reserveren Reserveren verloopt eenvoudig via ons online boekingssysteem.Je ziet onmiddellijk de correcte prijs en beschikbaarheid.<\/p>","protected":false},"author":1,"featured_media":0,"parent":22,"menu_order":0,"comment_status":"closed","ping_status":"closed","template":"","meta":{"_kad_post_transparent":"","_kad_post_title":"","_kad_post_layout":"","_kad_post_sidebar_id":"","_kad_post_content_style":"","_kad_post_vertical_padding":"","_kad_post_feature":"","_kad_post_feature_position":"","_kad_post_header":false,"_kad_post_footer":false,"_kad_post_classname":"","footnotes":""},"class_list":["post-38","page","type-page","status-publish","hentry"],"_links":{"self":[{"href":"https:\/\/lesroussilles.com\/fr\/wp-json\/wp\/v2\/pages\/38","targetHints":{"allow":["GET"]}}],"collection":[{"href":"https:\/\/lesroussilles.com\/fr\/wp-json\/wp\/v2\/pages"}],"about":[{"href":"https:\/\/lesroussilles.com\/fr\/wp-json\/wp\/v2\/types\/page"}],"author":[{"embeddable":true,"href":"https:\/\/lesroussilles.com\/fr\/wp-json\/wp\/v2\/users\/1"}],"replies":[{"embeddable":true,"href":"https:\/\/lesroussilles.com\/fr\/wp-json\/wp\/v2\/comments?post=38"}],"version-history":[{"count":6,"href":"https:\/\/lesroussilles.com\/fr\/wp-json\/wp\/v2\/pages\/38\/revisions"}],"predecessor-version":[{"id":142,"href":"https:\/\/lesroussilles.com\/fr\/wp-json\/wp\/v2\/pages\/38\/revisions\/142"}],"up":[{"embeddable":true,"href":"https:\/\/lesroussilles.com\/fr\/wp-json\/wp\/v2\/pages\/22"}],"wp:attachment":[{"href":"https:\/\/lesroussilles.com\/fr\/wp-json\/wp\/v2\/media?parent=38"}],"curies":[{"name":"wp","href":"https:\/\/api.w.org\/{rel}","templated":true}]}}