{"id":42,"date":"2026-01-14T19:22:41","date_gmt":"2026-01-14T19:22:41","guid":{"rendered":"https:\/\/lesroussilles.com\/?page_id=42"},"modified":"2026-01-15T12:09:52","modified_gmt":"2026-01-15T12:09:52","slug":"questions-frequemment-posees","status":"publish","type":"page","link":"https:\/\/lesroussilles.com\/fr\/pratique\/questions-frequemment-posees\/","title":{"rendered":"Questions fr\u00e9quemment pos\u00e9es"},"content":{"rendered":"<h3 class=\"wp-block-heading\">Dois-je r\u00e9server \u00e0 l'avance ?<\/h3>\n\n\n\n<p>Nous vous recommandons de nous contacter \u00e0 l'avance pour conna\u00eetre les disponibilit\u00e9s. <br>Cela nous permet d'accueillir tout le monde dans le calme et de nous assurer qu'il y a suffisamment de place sur le camping.<\/p>\n\n\n\n<h3 class=\"wp-block-heading\">Les enfants sont-ils les bienvenus sur le camping ?<\/h3>\n\n\n\n<p>Absolument ! Les familles avec enfants sont les bienvenues \u00e0 Les Roussilles. <br>Il n'y a pas de programme de divertissement fixe, mais de l'espace, de la nature et de la libert\u00e9 \u00e0 savourer ensemble.<br>Profitez aussi bient\u00f4t de notre p\u00e2turage pour animaux ! <\/p>\n\n\n\n<h3 class=\"wp-block-heading\">Les animaux domestiques sont-ils autoris\u00e9s ?<\/h3>\n\n\n\n<p>Les animaux domestiques sont les bienvenus.<br>Nous demandons qu'ils soient tenus en laisse en permanence et que les propri\u00e9taires ramassent les d\u00e9jections canines, par respect pour les autres h\u00f4tes et pour le site.<\/p>\n\n\n\n<h3 class=\"wp-block-heading\">Le camping d'hiver est-il possible ?<\/h3>\n\n\n\n<p>Oui, le camping d'hiver est possible chez nous.<br>En fonction du temps et de la p\u00e9riode, nous \u00e9tudierons ensemble les meilleures options.<\/p>\n\n\n\n<h3 class=\"wp-block-heading\">Comment se d\u00e9roulent les arriv\u00e9es et les d\u00e9parts ?<\/h3>\n\n\n\n<p>L'arriv\u00e9e est possible de 15h \u00e0 21h (si plus tard, contactez-nous !)<br>Le d\u00e9part est possible jusqu'\u00e0 12h (emplacements) ou 11h (mobil-homes).<br>Nous pensons que le contact personnel est important et nous sommes heureux de prendre le temps de tout examiner calmement.<\/p>\n\n\n\n<h3 class=\"wp-block-heading\">L'\u00e9lectricit\u00e9 et l'assainissement sont-ils disponibles ?<\/h3>\n\n\n\n<p>Oui, les installations de base telles que l'\u00e9lectricit\u00e9 et l'assainissement sont disponibles.<br>En hiver, les installations sont chauff\u00e9es dans la mesure du possible.<br>Les emplacements avec \u00e9lectricit\u00e9 ont 10A.<\/p>\n\n\n\n<h3 class=\"wp-block-heading\">Le camping est-il adapt\u00e9 aux camping-cars et aux caravanes ?<\/h3>\n\n\n\n<p>Oui, nos emplacements conviennent aux camping-cars, aux caravanes et aux tentes. <br>Malheureusement, nous ne pouvons pas accepter les caravanes \u00e0 double essieu.<br>Les voyageurs de passage sont \u00e9galement les bienvenus.<\/p>\n\n\n\n<h3 class=\"wp-block-heading\">Y a-t-il un restaurant ou un centre de bien-\u00eatre sur place ?<\/h3>\n\n\n\n<p>Oui, vous trouverez sur place un restaurant et des offres de bien-\u00eatre.<br>Les offres peuvent varier en fonction de la saison - n'h\u00e9sitez pas \u00e0 vous renseigner pendant votre s\u00e9jour.<\/p>\n\n\n\n<h3 class=\"wp-block-heading\">Votre question n'est pas ici ?<\/h3>\n\n\n\n<p>N'h\u00e9sitez pas \u00e0 nous contacter.<br>Nous nous ferons un plaisir de vous aider personnellement et sans engagement.<\/p>\n\n\n\n<div class=\"wp-block-buttons is-layout-flex wp-block-buttons-is-layout-flex\">\n<div class=\"wp-block-button\"><a class=\"wp-block-button__link wp-element-button\" href=\"https:\/\/lesroussilles.com\/fr\/contact\/\">Prendre contact<\/a><\/div>\n<\/div>","protected":false},"excerpt":{"rendered":"<p>Moet ik vooraf reserveren? We raden aan om vooraf contact op te nemen om beschikbaarheid te bespreken. Zo kunnen we iedereen rustig ontvangen en zorgen voor voldoende ruimte op de camping. Zijn kinderen welkom op de camping? Absoluut! Gezinnen met kinderen zijn welkom bij Les Roussilles. Er is geen vast animatieprogramma, maar wel ruimte, natuur&#8230;<\/p>","protected":false},"author":1,"featured_media":0,"parent":22,"menu_order":0,"comment_status":"closed","ping_status":"closed","template":"","meta":{"_kad_post_transparent":"","_kad_post_title":"","_kad_post_layout":"","_kad_post_sidebar_id":"","_kad_post_content_style":"","_kad_post_vertical_padding":"","_kad_post_feature":"","_kad_post_feature_position":"","_kad_post_header":false,"_kad_post_footer":false,"_kad_post_classname":"","footnotes":""},"class_list":["post-42","page","type-page","status-publish","hentry"],"_links":{"self":[{"href":"https:\/\/lesroussilles.com\/fr\/wp-json\/wp\/v2\/pages\/42","targetHints":{"allow":["GET"]}}],"collection":[{"href":"https:\/\/lesroussilles.com\/fr\/wp-json\/wp\/v2\/pages"}],"about":[{"href":"https:\/\/lesroussilles.com\/fr\/wp-json\/wp\/v2\/types\/page"}],"author":[{"embeddable":true,"href":"https:\/\/lesroussilles.com\/fr\/wp-json\/wp\/v2\/users\/1"}],"replies":[{"embeddable":true,"href":"https:\/\/lesroussilles.com\/fr\/wp-json\/wp\/v2\/comments?post=42"}],"version-history":[{"count":3,"href":"https:\/\/lesroussilles.com\/fr\/wp-json\/wp\/v2\/pages\/42\/revisions"}],"predecessor-version":[{"id":137,"href":"https:\/\/lesroussilles.com\/fr\/wp-json\/wp\/v2\/pages\/42\/revisions\/137"}],"up":[{"embeddable":true,"href":"https:\/\/lesroussilles.com\/fr\/wp-json\/wp\/v2\/pages\/22"}],"wp:attachment":[{"href":"https:\/\/lesroussilles.com\/fr\/wp-json\/wp\/v2\/media?parent=42"}],"curies":[{"name":"wp","href":"https:\/\/api.w.org\/{rel}","templated":true}]}}