{"id":7,"date":"2026-01-14T19:11:50","date_gmt":"2026-01-14T19:11:50","guid":{"rendered":"https:\/\/lesroussilles.com\/?page_id=7"},"modified":"2026-04-16T19:21:11","modified_gmt":"2026-04-16T19:21:11","slug":"home","status":"publish","type":"page","link":"https:\/\/lesroussilles.com\/fr\/","title":{"rendered":"Accueil"},"content":{"rendered":"<div class=\"wp-block-cover\"><img loading=\"lazy\" decoding=\"async\" width=\"1024\" height=\"458\" class=\"wp-block-cover__image-background wp-image-98 size-large\" alt=\"\" src=\"https:\/\/lesroussilles.com\/wp-content\/uploads\/2026\/01\/speeltuin-en-zwembad-1024x458.png\" data-object-fit=\"cover\" srcset=\"https:\/\/lesroussilles.com\/wp-content\/uploads\/2026\/01\/speeltuin-en-zwembad-1024x458.png 1024w, https:\/\/lesroussilles.com\/wp-content\/uploads\/2026\/01\/speeltuin-en-zwembad-300x134.png 300w, https:\/\/lesroussilles.com\/wp-content\/uploads\/2026\/01\/speeltuin-en-zwembad-768x343.png 768w, https:\/\/lesroussilles.com\/wp-content\/uploads\/2026\/01\/speeltuin-en-zwembad.png 1422w\" sizes=\"auto, (max-width: 1024px) 100vw, 1024px\" \/><span aria-hidden=\"true\" class=\"wp-block-cover__background has-theme-palette-6-background-color has-background-dim-60 has-background-dim\"><\/span><div class=\"wp-block-cover__inner-container is-layout-constrained wp-block-cover-is-layout-constrained\">\n<p class=\"has-text-align-center has-large-font-size\">Camping dans le c\u0153ur vert du Limousin, pr\u00e8s de Limoges<\/p>\n\n\n\n<p class=\"has-text-align-center\">Fuyez la foule et profitez du camping, du restaurant et de l\u2019espace bien-\u00eatre \u00e0 Les Roussilles.<\/p>\n\n\n\n<div class=\"wp-block-group\"><div class=\"wp-block-group__inner-container is-layout-constrained wp-block-group-is-layout-constrained\">\n<div class=\"wp-block-buttons alignfull is-layout-flex wp-block-buttons-is-layout-flex\">\n<div class=\"wp-block-button\"><a class=\"wp-block-button__link wp-element-button\" href=\"https:\/\/lesroussilles.com\/fr\/camping\/\">D\u00e9couvrir le camping<\/a><\/div>\n<\/div>\n<\/div><\/div>\n<\/div><\/div>\n\n\n\n<div class=\"wp-block-buttons is-layout-flex wp-block-buttons-is-layout-flex\">\n<div class=\"wp-block-button\"><a class=\"wp-block-button__link wp-element-button\">R\u00e9server<\/a><\/div>\n<\/div>\n\n\n\n<p class=\"has-text-align-center\">A Les Roussilles, tout est question de calme, de nature et de plaisir.<br>Que vous veniez camper, vous d\u00e9tendre au spa ou d\u00eener dans notre restaurant, ici, la vie ralentit.<br><br>Situ\u00e9 \u00e0 Saint-Sylvestre, dans le Limousin, \u00e0 une courte distance de Limoges, le Camping Les Roussilles est un point de d\u00e9part id\u00e9al pour explorer la r\u00e9gion.<\/p>\n\n\n\n<h2 class=\"wp-block-heading has-text-align-center\">Installations<\/h2>\n\n\n\n<p>Chez Les Roussilles, vous profiterez du calme et de la nature, avec le confort qui rendra votre s\u00e9jour vraiment agr\u00e9able.<\/p>\n\n\n\n<ul class=\"wp-block-list\">\n<li>Piscine ext\u00e9rieure avec chaises longues et parasols<\/li>\n\n\n\n<li>Service de boulangerie quotidien et petit magasin du camping<\/li>\n\n\n\n<li>Installations sanitaires modernes et machine \u00e0 laver<\/li>\n\n\n\n<li>Chiens bienvenus, avec douche pour chiens<\/li>\n\n\n\n<li>Calme, verdure et accueil personnalis\u00e9<\/li>\n<\/ul>\n\n\n\n<p>Camping d\u00e9contract\u00e9, sans complications inutiles, avec tout ce dont vous avez besoin \u00e0 port\u00e9e de main.<\/p>\n\n\n\n<div class=\"wp-block-columns is-layout-flex wp-container-core-columns-is-layout-abbe5815 wp-block-columns-is-layout-flex\" style=\"padding-top:0;padding-right:0;padding-bottom:0;padding-left:0\">\n<div class=\"wp-block-column is-layout-flow wp-block-column-is-layout-flow\"><div class=\"wp-block-image\">\n<figure class=\"aligncenter size-large\"><img loading=\"lazy\" decoding=\"async\" width=\"1024\" height=\"768\" src=\"https:\/\/lesroussilles.com\/wp-content\/uploads\/2026\/01\/20260102_093847-1024x768.jpg\" alt=\"\" class=\"wp-image-207\" style=\"aspect-ratio:16\/9;object-fit:cover\" srcset=\"https:\/\/lesroussilles.com\/wp-content\/uploads\/2026\/01\/20260102_093847-1024x768.jpg 1024w, https:\/\/lesroussilles.com\/wp-content\/uploads\/2026\/01\/20260102_093847-300x225.jpg 300w, https:\/\/lesroussilles.com\/wp-content\/uploads\/2026\/01\/20260102_093847-768x576.jpg 768w, https:\/\/lesroussilles.com\/wp-content\/uploads\/2026\/01\/20260102_093847-1536x1152.jpg 1536w, https:\/\/lesroussilles.com\/wp-content\/uploads\/2026\/01\/20260102_093847-2048x1536.jpg 2048w\" sizes=\"auto, (max-width: 1024px) 100vw, 1024px\" \/><\/figure>\n<\/div>\n\n\n<h3 class=\"wp-block-heading has-text-align-center\">Camping<\/h3>\n\n\n\n<p class=\"has-text-align-center\">Emplacements et h\u00e9bergements au milieu de la verdure toute l'ann\u00e9e.<\/p>\n\n\n\n<div class=\"wp-block-buttons alignwide is-content-justification-center is-layout-flex wp-container-core-buttons-is-layout-16018d1d wp-block-buttons-is-layout-flex\">\n<div class=\"wp-block-button\"><a class=\"wp-block-button__link has-text-align-center wp-element-button\" href=\"https:\/\/lesroussilles.com\/fr\/camping\/\">D\u00e9couvrir le camping<\/a><\/div>\n<\/div>\n<\/div>\n\n\n\n<div class=\"wp-block-column is-layout-flow wp-block-column-is-layout-flow\"><div class=\"wp-block-image\">\n<figure class=\"aligncenter size-full\"><img loading=\"lazy\" decoding=\"async\" width=\"1024\" height=\"576\" src=\"https:\/\/lesroussilles.com\/wp-content\/uploads\/2026\/01\/bar-en-resto.jpg\" alt=\"\" class=\"wp-image-205\" style=\"aspect-ratio:16\/9;object-fit:cover\" srcset=\"https:\/\/lesroussilles.com\/wp-content\/uploads\/2026\/01\/bar-en-resto.jpg 1024w, https:\/\/lesroussilles.com\/wp-content\/uploads\/2026\/01\/bar-en-resto-300x169.jpg 300w, https:\/\/lesroussilles.com\/wp-content\/uploads\/2026\/01\/bar-en-resto-768x432.jpg 768w\" sizes=\"auto, (max-width: 1024px) 100vw, 1024px\" \/><\/figure>\n<\/div>\n\n\n<h3 class=\"wp-block-heading has-text-align-center\">Restaurant<\/h3>\n\n\n\n<p class=\"has-text-align-center\">Une cuisine honn\u00eate, des produits locaux et des repas d\u00e9contract\u00e9s dans une atmosph\u00e8re chaleureuse.<\/p>\n\n\n\n<div class=\"wp-block-buttons is-content-justification-center is-layout-flex wp-container-core-buttons-is-layout-16018d1d wp-block-buttons-is-layout-flex\">\n<div class=\"wp-block-button\"><a class=\"wp-block-button__link has-text-align-center wp-element-button\" href=\"https:\/\/lesroussilles.com\/fr\/restaurant\/\">D\u00e9couvrir le restaurant<\/a><\/div>\n<\/div>\n<\/div>\n\n\n\n<div class=\"wp-block-column is-layout-flow wp-block-column-is-layout-flow\"><div class=\"wp-block-image\">\n<figure class=\"aligncenter size-large\"><img loading=\"lazy\" decoding=\"async\" width=\"1024\" height=\"768\" src=\"https:\/\/lesroussilles.com\/wp-content\/uploads\/2026\/01\/20260107_124944-1024x768.jpg\" alt=\"Bain \u00e0 remous et sauna Limousin\" class=\"wp-image-202\" style=\"aspect-ratio:16\/9;object-fit:cover\" srcset=\"https:\/\/lesroussilles.com\/wp-content\/uploads\/2026\/01\/20260107_124944-1024x768.jpg 1024w, https:\/\/lesroussilles.com\/wp-content\/uploads\/2026\/01\/20260107_124944-300x225.jpg 300w, https:\/\/lesroussilles.com\/wp-content\/uploads\/2026\/01\/20260107_124944-768x576.jpg 768w, https:\/\/lesroussilles.com\/wp-content\/uploads\/2026\/01\/20260107_124944-1536x1152.jpg 1536w, https:\/\/lesroussilles.com\/wp-content\/uploads\/2026\/01\/20260107_124944-2048x1536.jpg 2048w\" sizes=\"auto, (max-width: 1024px) 100vw, 1024px\" \/><\/figure>\n<\/div>\n\n\n<h3 class=\"wp-block-heading has-text-align-center\">Bien-\u00eatre<\/h3>\n\n\n\n<p class=\"has-text-align-center\">Relaxation du corps et de l'esprit gr\u00e2ce au sauna, au bain \u00e0 remous et aux soins.<\/p>\n\n\n\n<div class=\"wp-block-buttons is-content-justification-center is-layout-flex wp-container-core-buttons-is-layout-16018d1d wp-block-buttons-is-layout-flex\">\n<div class=\"wp-block-button\"><a class=\"wp-block-button__link has-text-align-center wp-element-button\" href=\"https:\/\/lesroussilles.com\/fr\/bien-etre\/\">D\u00e9couvrir le bien-\u00eatre<\/a><\/div>\n<\/div>\n<\/div>\n<\/div>\n\n\n\n<h2 class=\"wp-block-heading has-text-align-center\">Entour\u00e9 de nature et de silence<\/h2>\n\n\n\n<p class=\"has-text-align-center\">Les Roussilles est situ\u00e9 au c\u0153ur de la nature limousine, entour\u00e9 de for\u00eats, de lacs et de sentiers de randonn\u00e9e.<br>Un endroit o\u00f9 l'on peut ralentir, reprendre son souffle et profiter pleinement de la nature.<\/p>\n\n\n\n<h2 class=\"wp-block-heading has-text-align-center\">Pr\u00eat \u00e0 r\u00e9server ? <\/h2>\n\n\n\n<p class=\"has-text-align-center\">V\u00e9rifiez la disponibilit\u00e9 et les tarifs et r\u00e9servez facilement en ligne.<\/p>\n\n\n\n<div class=\"wp-block-buttons alignwide is-content-justification-center is-layout-flex wp-container-core-buttons-is-layout-16018d1d wp-block-buttons-is-layout-flex\">\n<div class=\"wp-block-button\"><a class=\"wp-block-button__link has-text-align-center wp-element-button\" href=\"https:\/\/reservation.secureholiday.net\/fr\/18309\/search\/\" target=\"_blank\" rel=\"noreferrer noopener\">R\u00e9servez votre s\u00e9jour<\/a><\/div>\n<\/div>\n\n\n\n<div class=\"wp-block-group\"><div class=\"wp-block-group__inner-container is-layout-constrained wp-block-group-is-layout-constrained\">\n<h2 class=\"wp-block-heading has-text-align-center\">Pr\u00eat \u00e0 s'amuser chez Les Roussilles ?<\/h2>\n\n\n\n<p class=\"has-text-align-center\">D\u00e9couvrez notre camping, notre centre de bien-\u00eatre et notre restaurant ou contactez-nous pour plus d'informations.<\/p>\n<\/div><\/div>\n\n\n\n<p><\/p>","protected":false},"excerpt":{"rendered":"<p>Bij Les Roussilles draait alles om rust, natuur en genieten.Of je nu komt kamperen, ontspannen in de wellness of tafelen in ons restaurant \u2014 hier vertraagt het leven. Camping Les Roussilles ligt in Saint-Sylvestre, in de Limousin, op korte afstand van Limoges en is een ideale uitvalsbasis om de regio te ontdekken. Faciliteiten Bij Les&#8230;<\/p>","protected":false},"author":1,"featured_media":0,"parent":0,"menu_order":0,"comment_status":"closed","ping_status":"closed","template":"","meta":{"_kad_post_transparent":"","_kad_post_title":"hide","_kad_post_layout":"","_kad_post_sidebar_id":"","_kad_post_content_style":"","_kad_post_vertical_padding":"","_kad_post_feature":"","_kad_post_feature_position":"","_kad_post_header":false,"_kad_post_footer":false,"_kad_post_classname":"","footnotes":""},"class_list":["post-7","page","type-page","status-publish","hentry"],"_links":{"self":[{"href":"https:\/\/lesroussilles.com\/fr\/wp-json\/wp\/v2\/pages\/7","targetHints":{"allow":["GET"]}}],"collection":[{"href":"https:\/\/lesroussilles.com\/fr\/wp-json\/wp\/v2\/pages"}],"about":[{"href":"https:\/\/lesroussilles.com\/fr\/wp-json\/wp\/v2\/types\/page"}],"author":[{"embeddable":true,"href":"https:\/\/lesroussilles.com\/fr\/wp-json\/wp\/v2\/users\/1"}],"replies":[{"embeddable":true,"href":"https:\/\/lesroussilles.com\/fr\/wp-json\/wp\/v2\/comments?post=7"}],"version-history":[{"count":22,"href":"https:\/\/lesroussilles.com\/fr\/wp-json\/wp\/v2\/pages\/7\/revisions"}],"predecessor-version":[{"id":357,"href":"https:\/\/lesroussilles.com\/fr\/wp-json\/wp\/v2\/pages\/7\/revisions\/357"}],"wp:attachment":[{"href":"https:\/\/lesroussilles.com\/fr\/wp-json\/wp\/v2\/media?parent=7"}],"curies":[{"name":"wp","href":"https:\/\/api.w.org\/{rel}","templated":true}]}}