{"id":9,"date":"2026-01-14T19:12:02","date_gmt":"2026-01-14T19:12:02","guid":{"rendered":"https:\/\/lesroussilles.com\/?page_id=9"},"modified":"2026-02-09T15:26:17","modified_gmt":"2026-02-09T15:26:17","slug":"camping","status":"publish","type":"page","link":"https:\/\/lesroussilles.com\/fr\/camping\/","title":{"rendered":"Camping"},"content":{"rendered":"<h2 class=\"wp-block-heading\">Camping chez Les Roussilles<\/h2>\n\n\n\n<p>Chez Les Roussilles, tout est question de calme, de nature et de plaisir. Notre camping de petite taille est situ\u00e9 dans un cadre verdoyant au c\u0153ur du Limousin : id\u00e9al pour ceux qui veulent ralentir et se d\u00e9tendre.<\/p>\n\n\n\n<p>Que vous pr\u00e9f\u00e9riez le camping classique en tente, caravane ou camping-car, ou que vous optiez pour le confort d'un mobil-home, vous b\u00e9n\u00e9ficierez d'espace, de silence et d'un accueil chaleureux.<\/p>\n\n\n\n<figure class=\"wp-block-gallery has-nested-images columns-default is-cropped wp-block-gallery-1 is-layout-flex wp-block-gallery-is-layout-flex\">\n<figure class=\"wp-block-image size-large\"><img loading=\"lazy\" decoding=\"async\" width=\"1024\" height=\"768\" data-id=\"261\" src=\"https:\/\/lesroussilles.com\/wp-content\/uploads\/2026\/02\/20260203_133034-1024x768.jpg\" alt=\"Emplacements spacieux dans un cadre verdoyant et calme en Limousin\" class=\"wp-image-261\" srcset=\"https:\/\/lesroussilles.com\/wp-content\/uploads\/2026\/02\/20260203_133034-1024x768.jpg 1024w, https:\/\/lesroussilles.com\/wp-content\/uploads\/2026\/02\/20260203_133034-300x225.jpg 300w, https:\/\/lesroussilles.com\/wp-content\/uploads\/2026\/02\/20260203_133034-768x576.jpg 768w, https:\/\/lesroussilles.com\/wp-content\/uploads\/2026\/02\/20260203_133034-1536x1152.jpg 1536w, https:\/\/lesroussilles.com\/wp-content\/uploads\/2026\/02\/20260203_133034-2048x1536.jpg 2048w, https:\/\/lesroussilles.com\/wp-content\/uploads\/2026\/02\/20260203_133034-16x12.jpg 16w\" sizes=\"auto, (max-width: 1024px) 100vw, 1024px\" \/><\/figure>\n<\/figure>\n\n\n\n<h2 class=\"wp-block-heading\">Notre offre<\/h2>\n\n\n\n<h3 class=\"wp-block-heading\">Mobilhomes<\/h3>\n\n\n\n<figure class=\"wp-block-gallery has-nested-images columns-default is-cropped wp-block-gallery-2 is-layout-flex wp-block-gallery-is-layout-flex\">\n<figure class=\"wp-block-image size-large\"><img loading=\"lazy\" decoding=\"async\" width=\"1024\" height=\"616\" data-id=\"278\" src=\"https:\/\/lesroussilles.com\/wp-content\/uploads\/2026\/02\/stacaravans-1024x616.png\" alt=\"Mobil-homes au Camping Les Roussilles dans un cadre verdoyant\" class=\"wp-image-278\" srcset=\"https:\/\/lesroussilles.com\/wp-content\/uploads\/2026\/02\/stacaravans-1024x616.png 1024w, https:\/\/lesroussilles.com\/wp-content\/uploads\/2026\/02\/stacaravans-300x180.png 300w, https:\/\/lesroussilles.com\/wp-content\/uploads\/2026\/02\/stacaravans-768x462.png 768w, https:\/\/lesroussilles.com\/wp-content\/uploads\/2026\/02\/stacaravans-18x12.png 18w, https:\/\/lesroussilles.com\/wp-content\/uploads\/2026\/02\/stacaravans.png 1064w\" sizes=\"auto, (max-width: 1024px) 100vw, 1024px\" \/><\/figure>\n\n\n\n<figure class=\"wp-block-image size-large\"><img loading=\"lazy\" decoding=\"async\" width=\"1024\" height=\"768\" data-id=\"203\" src=\"https:\/\/lesroussilles.com\/wp-content\/uploads\/2026\/01\/20260103_153744-1024x768.jpg\" alt=\"Mobil-homes au Camping Les Roussilles pr\u00e8s de Limoges\" class=\"wp-image-203\" srcset=\"https:\/\/lesroussilles.com\/wp-content\/uploads\/2026\/01\/20260103_153744-1024x768.jpg 1024w, https:\/\/lesroussilles.com\/wp-content\/uploads\/2026\/01\/20260103_153744-300x225.jpg 300w, https:\/\/lesroussilles.com\/wp-content\/uploads\/2026\/01\/20260103_153744-768x576.jpg 768w, https:\/\/lesroussilles.com\/wp-content\/uploads\/2026\/01\/20260103_153744-1536x1152.jpg 1536w, https:\/\/lesroussilles.com\/wp-content\/uploads\/2026\/01\/20260103_153744-2048x1536.jpg 2048w\" sizes=\"auto, (max-width: 1024px) 100vw, 1024px\" \/><\/figure>\n<\/figure>\n\n\n\n<p>Ceux qui aiment s\u00e9journer dans le confort peuvent choisir nos mobil-homes. Id\u00e9al pour les couples, les familles et tous ceux qui aiment la nature mais aussi la commodit\u00e9.<\/p>\n\n\n\n<p><strong>Vous avez le choix :<\/strong><\/p>\n\n\n\n<ul class=\"wp-block-list\">\n<li>Mobilhome 4 personnes<\/li>\n\n\n\n<li>Mobilhome 2 personnes<\/li>\n<\/ul>\n\n\n\n<p><a href=\"https:\/\/lesroussilles.com\/fr\/camping\/hebergement\/\" data-type=\"page\" data-id=\"28\">Voir nos logements<\/a><\/p>\n\n\n\n<h3 class=\"wp-block-heading\">Emplacements<\/h3>\n\n\n\n<figure class=\"wp-block-gallery has-nested-images columns-default is-cropped wp-block-gallery-3 is-layout-flex wp-block-gallery-is-layout-flex\">\n<figure class=\"wp-block-image size-large\"><img loading=\"lazy\" decoding=\"async\" width=\"765\" height=\"1020\" data-id=\"287\" src=\"https:\/\/lesroussilles.com\/wp-content\/uploads\/2026\/02\/camper.webp\" alt=\"Emplacements pour camping-cars dans un environnement calme et verdoyant\" class=\"wp-image-287\" srcset=\"https:\/\/lesroussilles.com\/wp-content\/uploads\/2026\/02\/camper.webp 765w, https:\/\/lesroussilles.com\/wp-content\/uploads\/2026\/02\/camper-225x300.webp 225w, https:\/\/lesroussilles.com\/wp-content\/uploads\/2026\/02\/camper-9x12.webp 9w\" sizes=\"auto, (max-width: 765px) 100vw, 765px\" \/><\/figure>\n\n\n\n<figure class=\"wp-block-image size-large\"><img loading=\"lazy\" decoding=\"async\" width=\"1024\" height=\"768\" data-id=\"288\" src=\"https:\/\/lesroussilles.com\/wp-content\/uploads\/2026\/02\/20260102_093923-1024x768.jpg\" alt=\"Emplacements spacieux avec beaucoup d&#039;intimit\u00e9 au Camping Les Roussilles\" class=\"wp-image-288\" srcset=\"https:\/\/lesroussilles.com\/wp-content\/uploads\/2026\/02\/20260102_093923-1024x768.jpg 1024w, https:\/\/lesroussilles.com\/wp-content\/uploads\/2026\/02\/20260102_093923-300x225.jpg 300w, https:\/\/lesroussilles.com\/wp-content\/uploads\/2026\/02\/20260102_093923-768x576.jpg 768w, https:\/\/lesroussilles.com\/wp-content\/uploads\/2026\/02\/20260102_093923-1536x1152.jpg 1536w, https:\/\/lesroussilles.com\/wp-content\/uploads\/2026\/02\/20260102_093923-2048x1536.jpg 2048w, https:\/\/lesroussilles.com\/wp-content\/uploads\/2026\/02\/20260102_093923-16x12.jpg 16w\" sizes=\"auto, (max-width: 1024px) 100vw, 1024px\" \/><\/figure>\n<\/figure>\n\n\n\n<p>Emplacements spacieux pour tentes, caravanes et camping-cars, entour\u00e9s de nature et de silence. Convient aussi bien pour des s\u00e9jours de courte dur\u00e9e que pour des p\u00e9riodes plus longues.<\/p>\n\n\n\n<p><a href=\"https:\/\/lesroussilles.com\/fr\/camping\/emplacements\/\" data-type=\"page\" data-id=\"30\">D\u00e9couvrir les emplacements<\/a><\/p>\n\n\n\n<h3 class=\"wp-block-heading\">Camping d'hiver<\/h3>\n\n\n\n<p>Vous \u00eates \u00e9galement les bienvenus chez Les Roussilles en hiver. Un lieu paisible pour les amoureux de la nature, de la simplicit\u00e9 et du plein air en toutes saisons.<\/p>\n\n\n\n<p><a href=\"https:\/\/lesroussilles.com\/fr\/camping\/camping-dhiver\/\" data-type=\"page\" data-id=\"32\">En savoir plus sur le camping d'hiver<\/a><\/p>\n\n\n\n<h2 class=\"wp-block-heading\">Pr\u00eat \u00e0 r\u00e9server ?<\/h2>\n\n\n\n<p>V\u00e9rifiez la disponibilit\u00e9 et les tarifs et r\u00e9servez facilement en ligne.<\/p>\n\n\n\n<div class=\"wp-block-buttons is-layout-flex wp-block-buttons-is-layout-flex\">\n<div class=\"wp-block-button\"><a class=\"wp-block-button__link wp-element-button\" href=\"https:\/\/reservation.secureholiday.net\/fr\/18309\/search\/\" target=\"_blank\" rel=\"noopener\">R\u00e9servez votre s\u00e9jour<\/a><\/div>\n<\/div>\n\n\n\n<p><\/p>","protected":false},"excerpt":{"rendered":"<p>Kamperen bij Les Roussilles Bij Les Roussilles draait alles om rust, natuur en genieten. Onze kleinschalige camping ligt in een groene omgeving in het hart van de Limousin: ideaal voor wie wil vertragen en echt tot rust komen. Of je nu liever klassiek kampeert met tent, caravan of camper, of kiest voor het comfort van&#8230;<\/p>","protected":false},"author":1,"featured_media":0,"parent":0,"menu_order":0,"comment_status":"closed","ping_status":"closed","template":"","meta":{"_kad_post_transparent":"","_kad_post_title":"","_kad_post_layout":"","_kad_post_sidebar_id":"","_kad_post_content_style":"","_kad_post_vertical_padding":"","_kad_post_feature":"","_kad_post_feature_position":"","_kad_post_header":false,"_kad_post_footer":false,"_kad_post_classname":"","footnotes":""},"class_list":["post-9","page","type-page","status-publish","hentry"],"_links":{"self":[{"href":"https:\/\/lesroussilles.com\/fr\/wp-json\/wp\/v2\/pages\/9","targetHints":{"allow":["GET"]}}],"collection":[{"href":"https:\/\/lesroussilles.com\/fr\/wp-json\/wp\/v2\/pages"}],"about":[{"href":"https:\/\/lesroussilles.com\/fr\/wp-json\/wp\/v2\/types\/page"}],"author":[{"embeddable":true,"href":"https:\/\/lesroussilles.com\/fr\/wp-json\/wp\/v2\/users\/1"}],"replies":[{"embeddable":true,"href":"https:\/\/lesroussilles.com\/fr\/wp-json\/wp\/v2\/comments?post=9"}],"version-history":[{"count":10,"href":"https:\/\/lesroussilles.com\/fr\/wp-json\/wp\/v2\/pages\/9\/revisions"}],"predecessor-version":[{"id":292,"href":"https:\/\/lesroussilles.com\/fr\/wp-json\/wp\/v2\/pages\/9\/revisions\/292"}],"wp:attachment":[{"href":"https:\/\/lesroussilles.com\/fr\/wp-json\/wp\/v2\/media?parent=9"}],"curies":[{"name":"wp","href":"https:\/\/api.w.org\/{rel}","templated":true}]}}